{"id":4001,"date":"2017-07-18T13:26:43","date_gmt":"2017-07-18T12:26:43","guid":{"rendered":"https:\/\/www.binder-gmbh.at\/en\/?page_id=4001"},"modified":"2017-07-18T15:30:37","modified_gmt":"2017-07-18T14:30:37","slug":"heating-with-chicken-litter","status":"publish","type":"page","link":"https:\/\/www.binder-gmbh.at\/en\/heating-with-chicken-litter\/","title":{"rendered":"Heating with chicken litter"},"content":{"rendered":"<div class=\"fusion-fullwidth fullwidth-box fusion-builder-row-1 hundred-percent-fullwidth non-hundred-percent-height-scrolling\" style=\"background-color: #ffffff;background-position: center center;background-repeat: no-repeat;padding-top:0px;padding-right:0px;padding-bottom:0px;padding-left:0px;margin-bottom: 0px;margin-top: 0px;border-width: 0px 0px 0px 0px;border-color:#eae9e9;border-style:solid;\" ><div class=\"fusion-builder-row fusion-row\"><div class=\"fusion-layout-column fusion_builder_column fusion-builder-column-0 fusion_builder_column_1_1 1_1 fusion-one-full fusion-column-first fusion-column-last fusion-column-no-min-height\" style=\"margin-top:0px;margin-bottom:0px;\"><div class=\"fusion-column-wrapper fusion-flex-column-wrapper-legacy\" style=\"background-position:left top;background-repeat:no-repeat;-webkit-background-size:cover;-moz-background-size:cover;-o-background-size:cover;background-size:cover;padding: 0px 0px 0px 0px;\"><style type=\"text\/css\"><\/style><div class=\"fusion-title title fusion-title-1 fusion-sep-none fusion-title-text fusion-title-size-one\" style=\"margin-top:0px;margin-right:0px;margin-bottom:31px;margin-left:0px;\"><h1 class=\"title-heading-left fusion-responsive-typography-calculated\" style=\"margin:0;--fontSize:34;line-height:1.5;\"><p style=\"color: #cc0000;\">Heating with chicken litter<\/p><\/h1><\/div><style type=\"text\/css\"><\/style><div class=\"fusion-title title fusion-title-2 fusion-sep-none fusion-title-text fusion-title-size-three\" style=\"margin-top:30px;margin-right:0px;margin-bottom:31px;margin-left:0px;\"><h3 class=\"title-heading-left fusion-responsive-typography-calculated\" style=\"margin:0;--fontSize:24;line-height:1.67;\"><p style=\"color: #cc0000;\">Chicken litter as fuel<\/p><\/h3><\/div><div class=\"fusion-clearfix\"><\/div><\/div><\/div><div class=\"fusion-layout-column fusion_builder_column fusion-builder-column-1 fusion_builder_column_2_3 2_3 fusion-two-third fusion-column-first\" style=\"width:66.666666666667%;width:calc(66.666666666667% - ( ( 4% ) * 0.66666666666667 ) );margin-right: 4%;margin-top:0px;margin-bottom:20px;\"><div class=\"fusion-column-wrapper fusion-flex-column-wrapper-legacy\" style=\"background-position:left top;background-repeat:no-repeat;-webkit-background-size:cover;-moz-background-size:cover;-o-background-size:cover;background-size:cover;padding: 0px 0px 0px 0px;\"><div class=\"fusion-text fusion-text-1\"><p>After years of intensive research &amp; development, BINDER Energietechnik succeeded in developing a biomass boiler for the combustion of chicken litter with the lowest emission levels.<\/p>\n<p>This results in ideal conditions for an economical and ecological operation of a heating system &#8211; with chicken litter as fuel.<\/p>\n<\/div><div class=\"fusion-text fusion-text-2\"><p>BINDER combustion systems for the combustion of chicken litter or other fuels with a low calorific value is available in 2 different sizes with 3 power stages:<\/p>\n<\/div>\n<div class=\"table-3\">\n<table width=\"100%\">\n<thead>\n<tr>\n<th align=\"left\">\u00a0<\/th>\n<th style=\"background-color: red;\" align=\"left\">\u00a0<\/th>\n<th style=\"text-align: center; color: #ffffff; background-color: red;\">POWER<\/th>\n<th style=\"background-color: red;\" align=\"left\">\u00a0<\/th>\n<\/tr>\n<\/thead>\n<tbody>\n<tr>\n<td style=\"border-left: solid #f6f3f3; border-top: solid #f6f3f3; border-width: 2px;\" align=\"left\">Size 1<\/td>\n<td style=\"border-left: solid #f6f3f3; border-width: 2px; text-align: center;\" align=\"left\"><strong>800 kW<\/strong><\/td>\n<td style=\"border-left: solid #f6f3f3; border-width: 2px; text-align: center;\" align=\"left\"><strong>1.000 kW<\/strong><\/td>\n<td style=\"border-left: solid #f6f3f3; border-right: solid #f6f3f3; border-width: 2px; text-align: center;\" align=\"left\"><strong>1.200 kW<\/strong><\/td>\n<\/tr>\n<tr>\n<td style=\"border-left: solid #f6f3f3; border-top: solid #f6f3f3; border-bottom: solid #f6f3f3; border-width: 2px;\" align=\"left\">Size 2<\/td>\n<td style=\"border-top: solid #f6f3f3; border-bottom: solid #f6f3f3; border-left: solid #f6f3f3; border-width: 2px; text-align: center;\" align=\"left\"><strong>1.600 kW<\/strong><\/td>\n<td style=\"border-top: solid #f6f3f3; border-bottom: solid #f6f3f3; border-left: solid #f6f3f3; border-width: 2px; text-align: center;\" align=\"left\"><strong>1.800 kW<\/strong><\/td>\n<td style=\"border-width: 2px; text-align: center; border: solid #f6f3f3;\" align=\"left\"><strong>2.000 kW<\/strong><\/td>\n<\/tr>\n<\/tbody>\n<\/table>\n<\/div>\n<div class=\"fusion-clearfix\"><\/div><\/div><\/div><div class=\"fusion-layout-column fusion_builder_column fusion-builder-column-2 fusion_builder_column_1_3 1_3 fusion-one-third fusion-column-last\" style=\"width:33.333333333333%;width:calc(33.333333333333% - ( ( 4% ) * 0.33333333333333 ) );margin-top:0px;margin-bottom:20px;\"><div class=\"fusion-column-wrapper fusion-flex-column-wrapper-legacy\" style=\"background-position:left top;background-repeat:no-repeat;-webkit-background-size:cover;-moz-background-size:cover;-o-background-size:cover;background-size:cover;background-color:#f6f3f3;border:2px solid #eeeeee;padding: 0px 5px 5px 5px;\"><div class=\"fusion-text fusion-text-3\"><h3 style=\"color: #cc0000;\">Advantages of the system<\/h3>\n<\/div><ul class=\"fusion-checklist fusion-checklist-1\" style=\"font-size:13px;line-height:22.1px;\"><li style=\"background-color:rgba(255,255,255,0);\" class=\"fusion-li-item\"><span style=\"height:22.1px;width:22.1px;margin-right:9.1px;\" class=\"icon-wrapper circle-no\"><i class=\"fusion-li-icon fa fa-circle\" style=\"color:#cc0000;\" aria-hidden=\"true\"><\/i><\/span><div class=\"fusion-li-item-content\" style=\"margin-left:31.2px;color:#222222;\">Efficient combustion of organic material &#038; other materials with a low calorific value<\/div><\/li><li style=\"background-color:rgba(255,255,255,0);\" class=\"fusion-li-item\"><span style=\"height:22.1px;width:22.1px;margin-right:9.1px;\" class=\"icon-wrapper circle-no\"><i class=\"fusion-li-icon fa fa-circle\" style=\"color:#cc0000;\" aria-hidden=\"true\"><\/i><\/span><div class=\"fusion-li-item-content\" style=\"margin-left:31.2px;color:#222222;\">Innovative technology<\/div><\/li><li style=\"background-color:rgba(255,255,255,0);\" class=\"fusion-li-item\"><span style=\"height:22.1px;width:22.1px;margin-right:9.1px;\" class=\"icon-wrapper circle-no\"><i class=\"fusion-li-icon fa fa-circle\" style=\"color:#cc0000;\" aria-hidden=\"true\"><\/i><\/span><div class=\"fusion-li-item-content\" style=\"margin-left:31.2px;color:#222222;\">Lowest emissions due to a special heat exchanger technology<\/div><\/li><li style=\"background-color:rgba(255,255,255,0);\" class=\"fusion-li-item\"><span style=\"height:22.1px;width:22.1px;margin-right:9.1px;\" class=\"icon-wrapper circle-no\"><i class=\"fusion-li-icon fa fa-circle\" style=\"color:#cc0000;\" aria-hidden=\"true\"><\/i><\/span><div class=\"fusion-li-item-content\" style=\"margin-left:31.2px;color:#222222;\">Economical and ecological operation &#8211; also in extreme partial load<\/div><\/li><\/ul><div class=\"fusion-clearfix\"><\/div><\/div><\/div><div class=\"fusion-layout-column fusion_builder_column fusion-builder-column-3 fusion_builder_column_2_3 2_3 fusion-two-third fusion-column-first\" style=\"width:66.666666666667%;width:calc(66.666666666667% - ( ( 4% ) * 0.66666666666667 ) );margin-right: 4%;margin-top:0px;margin-bottom:20px;\"><div class=\"fusion-column-wrapper fusion-flex-column-wrapper-legacy\" style=\"background-position:left top;background-repeat:no-repeat;-webkit-background-size:cover;-moz-background-size:cover;-o-background-size:cover;background-size:cover;padding: 0px 0px 0px 0px;\"><div class=\"fusion-text fusion-text-4\"><p>Due to the keeping of chickens, the boiler is operated in extreme partial load the most time. To reach a constant high efficiency rate at lowest emissions in partial load, the BINDER &#8220;Vario Heat Exchanger&#8221; (VWT) &#8211; a new heat exchanger concept was developed.<\/p>\n<\/div><div class=\"fusion-text fusion-text-5\"><p>With an operation time of about 3.000 full-load-hours per year of a BINDER chicken litter boiler with a power output of 800 kW about 2,4 GWh of thermal energy is neccesary.<\/p>\n<p>An ordinary chicken produces about 25 kg chicken litter per year with an calorific value of about 2,4 kWh\/kg.<\/p>\n<p>To cover the total fuel amount of 1.000 t of chicken litter, about 40.000 chickens are necessary.<\/p>\n<\/div><div class=\"fusion-clearfix\"><\/div><\/div><\/div><div class=\"fusion-layout-column fusion_builder_column fusion-builder-column-4 fusion_builder_column_1_3 1_3 fusion-one-third fusion-column-last\" style=\"width:33.333333333333%;width:calc(33.333333333333% - ( ( 4% ) * 0.33333333333333 ) );margin-top:0px;margin-bottom:20px;\"><div class=\"fusion-column-wrapper fusion-flex-column-wrapper-legacy\" style=\"background-position:left top;background-repeat:no-repeat;-webkit-background-size:cover;-moz-background-size:cover;-o-background-size:cover;background-size:cover;padding: 0px 0px 0px 0px;\"><div class=\"fusion-slider-sc fusion-flexslider-loading flexslider flexslider-hover-type-none\" data-slideshow_autoplay=\"1\" data-slideshow_smooth_height=\"0\" data-slideshow_speed=\"7000\" style=\"max-width:100%;height:100%;\"><ul class=\"slides\"><li class=\"image\"><a title=\"Binder-Huehnermist-anlage_2\" data-title=\"Binder-Huehnermist-anlage_2\" aria-label=\"Binder-Huehnermist-anlage_2\" href=\"https:\/\/www.binder-gmbh.at\/wp-content\/uploads\/2017\/04\/Binder-Huehnermist-anlage_2.jpg\" target=\"_self\"><span class=\"fusion-image-hover-element hover-type-none\"><img decoding=\"async\" src=\"https:\/\/www.binder-gmbh.at\/wp-content\/uploads\/2017\/04\/Binder-Huehnermist-anlage_2.jpg\" width=\"622\" height=\"522\" \/><\/span><\/a><\/li><li class=\"image\"><a title=\"Binder-Huehnermist-anlage\" data-title=\"Binder-Huehnermist-anlage\" aria-label=\"Binder-Huehnermist-anlage\" href=\"https:\/\/www.binder-gmbh.at\/wp-content\/uploads\/2017\/04\/Binder-Huehnermist-anlage.jpg\" target=\"_self\"><span class=\"fusion-image-hover-element hover-type-none\"><img decoding=\"async\" src=\"https:\/\/www.binder-gmbh.at\/wp-content\/uploads\/2017\/04\/Binder-Huehnermist-anlage.jpg\" width=\"1000\" height=\"522\" \/><\/span><\/a><\/li><\/ul><\/div><div class=\"fusion-clearfix\"><\/div><\/div><\/div><div class=\"fusion-layout-column fusion_builder_column fusion-builder-column-5 fusion_builder_column_1_1 1_1 fusion-one-full fusion-column-first fusion-column-last fusion-column-no-min-height\" style=\"margin-top:0px;margin-bottom:0px;\"><div class=\"fusion-column-wrapper fusion-flex-column-wrapper-legacy\" style=\"background-position:left top;background-repeat:no-repeat;-webkit-background-size:cover;-moz-background-size:cover;-o-background-size:cover;background-size:cover;background-color:#f6f3f3;border:2px solid #eeeeee;padding: 20px 20px 20px 20px;\"><div class=\"fusion-text fusion-text-6\"><p><strong><a title=\"H\u00fchnermist Binder_Deutsch (d02-2017)_V1_V1.0.pdf\" href=\"https:\/\/www.binder-gmbh.at\/wp-content\/uploads\/2017\/03\/H%C3%BChnermist_Binder_Deutsch_d02-2017_V1.0.pdf\" target=\"_blank\"><img decoding=\"async\" class=\"alignnone wp-image-3810 alignleft\" src=\"https:\/\/www.binder-gmbh.at\/wp-content\/uploads\/2014\/06\/HMH_Binder.jpg\" alt=\"huenermist_binder\" width=\"100\" height=\"100\" \/><\/a><\/strong><\/p>\n<p>Would you like to know more? Here is our brochure with detailed information available for download.<\/p>\n<p><strong><a title=\"H\u00fchnermist_Binder_Englisch_(d02-2017)_V1.0.pdf\" href=\"https:\/\/www.binder-gmbh.at\/wp-content\/uploads\/2017\/07\/H\u00fchnermist_Binder_Englisch_d02-2017_V1.0.pdf\" target=\"_blank\">H\u00fchnermist_Binder_Englisch_(d02-2017)_V1.0.pdf <span class=\"size\">(2,0 MB)<\/span><\/a><\/strong><\/p>\n<\/div><div class=\"fusion-clearfix\"><\/div><\/div><\/div><\/div><style type=\"text\/css\">.fusion-fullwidth.fusion-builder-row-1 { overflow:visible; }<\/style><\/div>\n","protected":false},"excerpt":{"rendered":"","protected":false},"author":1,"featured_media":0,"parent":0,"menu_order":0,"comment_status":"closed","ping_status":"closed","template":"","meta":{"footnotes":""},"class_list":["post-4001","page","type-page","status-publish","hentry"],"yoast_head":"<!-- This site is optimized with the Yoast SEO plugin v26.9 - https:\/\/yoast.com\/product\/yoast-seo-wordpress\/ -->\n<title>Heating with chicken litter - BINDER Energietechnik GmbH<\/title>\n<meta name=\"description\" content=\"After years of intensive research &amp; development, BINDER Energietechnik succeeded in developing a biomass boiler for the combustion of chicken litter with the lowest emission levels.\" \/>\n<meta name=\"robots\" content=\"index, follow, max-snippet:-1, max-image-preview:large, max-video-preview:-1\" \/>\n<link rel=\"canonical\" href=\"https:\/\/www.binder-gmbh.at\/en\/heating-with-chicken-litter\/\" \/>\n<meta property=\"og:locale\" content=\"en_US\" \/>\n<meta property=\"og:type\" content=\"article\" \/>\n<meta property=\"og:title\" content=\"Heating with chicken litter - BINDER Energietechnik GmbH\" \/>\n<meta property=\"og:description\" content=\"After years of intensive research &amp; development, BINDER Energietechnik succeeded in developing a biomass boiler for the combustion of chicken litter with the lowest emission levels.\" \/>\n<meta property=\"og:url\" content=\"https:\/\/www.binder-gmbh.at\/en\/heating-with-chicken-litter\/\" \/>\n<meta property=\"og:site_name\" content=\"BINDER Energietechnik GmbH\" \/>\n<meta property=\"article:publisher\" content=\"https:\/\/www.facebook.com\/binderenergietechnik\" \/>\n<meta property=\"article:modified_time\" content=\"2017-07-18T14:30:37+00:00\" \/>\n<meta property=\"og:image\" content=\"https:\/\/www.binder-gmbh.at\/wp-content\/uploads\/2014\/06\/HMH_Binder.jpg\" \/>\n<meta name=\"twitter:label1\" content=\"Est. reading time\" \/>\n\t<meta name=\"twitter:data1\" content=\"4 minutes\" \/>\n<script type=\"application\/ld+json\" class=\"yoast-schema-graph\">{\"@context\":\"https:\/\/schema.org\",\"@graph\":[{\"@type\":\"WebPage\",\"@id\":\"https:\/\/www.binder-gmbh.at\/en\/heating-with-chicken-litter\/\",\"url\":\"https:\/\/www.binder-gmbh.at\/en\/heating-with-chicken-litter\/\",\"name\":\"Heating with chicken litter - BINDER Energietechnik GmbH\",\"isPartOf\":{\"@id\":\"https:\/\/www.binder-gmbh.at\/en\/#website\"},\"primaryImageOfPage\":{\"@id\":\"https:\/\/www.binder-gmbh.at\/en\/heating-with-chicken-litter\/#primaryimage\"},\"image\":{\"@id\":\"https:\/\/www.binder-gmbh.at\/en\/heating-with-chicken-litter\/#primaryimage\"},\"thumbnailUrl\":\"https:\/\/www.binder-gmbh.at\/wp-content\/uploads\/2014\/06\/HMH_Binder.jpg\",\"datePublished\":\"2017-07-18T12:26:43+00:00\",\"dateModified\":\"2017-07-18T14:30:37+00:00\",\"description\":\"After years of intensive research & development, BINDER Energietechnik succeeded in developing a biomass boiler for the combustion of chicken litter with the lowest emission levels.\",\"breadcrumb\":{\"@id\":\"https:\/\/www.binder-gmbh.at\/en\/heating-with-chicken-litter\/#breadcrumb\"},\"inLanguage\":\"en-US\",\"potentialAction\":[{\"@type\":\"ReadAction\",\"target\":[\"https:\/\/www.binder-gmbh.at\/en\/heating-with-chicken-litter\/\"]}]},{\"@type\":\"ImageObject\",\"inLanguage\":\"en-US\",\"@id\":\"https:\/\/www.binder-gmbh.at\/en\/heating-with-chicken-litter\/#primaryimage\",\"url\":\"https:\/\/www.binder-gmbh.at\/wp-content\/uploads\/2014\/06\/HMH_Binder.jpg\",\"contentUrl\":\"https:\/\/www.binder-gmbh.at\/wp-content\/uploads\/2014\/06\/HMH_Binder.jpg\"},{\"@type\":\"BreadcrumbList\",\"@id\":\"https:\/\/www.binder-gmbh.at\/en\/heating-with-chicken-litter\/#breadcrumb\",\"itemListElement\":[{\"@type\":\"ListItem\",\"position\":1,\"name\":\"Home\",\"item\":\"https:\/\/www.binder-gmbh.at\/en\/\"},{\"@type\":\"ListItem\",\"position\":2,\"name\":\"Heating with chicken litter\"}]},{\"@type\":\"WebSite\",\"@id\":\"https:\/\/www.binder-gmbh.at\/en\/#website\",\"url\":\"https:\/\/www.binder-gmbh.at\/en\/\",\"name\":\"BINDER Energietechnik GmbH\",\"description\":\"BINDER Energietechnik GmbH, Industrie Biomassefeuerungsanlagen, Warmwasser, Hei\u00dfwasser, Sattdampf, Luftw\u00e4rmtauscher, Komplettanbieter f\u00fcr erneuerbare Energiel\u00f6sungen\",\"potentialAction\":[{\"@type\":\"SearchAction\",\"target\":{\"@type\":\"EntryPoint\",\"urlTemplate\":\"https:\/\/www.binder-gmbh.at\/en\/?s={search_term_string}\"},\"query-input\":{\"@type\":\"PropertyValueSpecification\",\"valueRequired\":true,\"valueName\":\"search_term_string\"}}],\"inLanguage\":\"en-US\"}]}<\/script>\n<!-- \/ Yoast SEO plugin. -->","yoast_head_json":{"title":"Heating with chicken litter - BINDER Energietechnik GmbH","description":"After years of intensive research & development, BINDER Energietechnik succeeded in developing a biomass boiler for the combustion of chicken litter with the lowest emission levels.","robots":{"index":"index","follow":"follow","max-snippet":"max-snippet:-1","max-image-preview":"max-image-preview:large","max-video-preview":"max-video-preview:-1"},"canonical":"https:\/\/www.binder-gmbh.at\/en\/heating-with-chicken-litter\/","og_locale":"en_US","og_type":"article","og_title":"Heating with chicken litter - BINDER Energietechnik GmbH","og_description":"After years of intensive research & development, BINDER Energietechnik succeeded in developing a biomass boiler for the combustion of chicken litter with the lowest emission levels.","og_url":"https:\/\/www.binder-gmbh.at\/en\/heating-with-chicken-litter\/","og_site_name":"BINDER Energietechnik GmbH","article_publisher":"https:\/\/www.facebook.com\/binderenergietechnik","article_modified_time":"2017-07-18T14:30:37+00:00","og_image":[{"url":"https:\/\/www.binder-gmbh.at\/wp-content\/uploads\/2014\/06\/HMH_Binder.jpg","type":"","width":"","height":""}],"twitter_misc":{"Est. reading time":"4 minutes"},"schema":{"@context":"https:\/\/schema.org","@graph":[{"@type":"WebPage","@id":"https:\/\/www.binder-gmbh.at\/en\/heating-with-chicken-litter\/","url":"https:\/\/www.binder-gmbh.at\/en\/heating-with-chicken-litter\/","name":"Heating with chicken litter - BINDER Energietechnik GmbH","isPartOf":{"@id":"https:\/\/www.binder-gmbh.at\/en\/#website"},"primaryImageOfPage":{"@id":"https:\/\/www.binder-gmbh.at\/en\/heating-with-chicken-litter\/#primaryimage"},"image":{"@id":"https:\/\/www.binder-gmbh.at\/en\/heating-with-chicken-litter\/#primaryimage"},"thumbnailUrl":"https:\/\/www.binder-gmbh.at\/wp-content\/uploads\/2014\/06\/HMH_Binder.jpg","datePublished":"2017-07-18T12:26:43+00:00","dateModified":"2017-07-18T14:30:37+00:00","description":"After years of intensive research & development, BINDER Energietechnik succeeded in developing a biomass boiler for the combustion of chicken litter with the lowest emission levels.","breadcrumb":{"@id":"https:\/\/www.binder-gmbh.at\/en\/heating-with-chicken-litter\/#breadcrumb"},"inLanguage":"en-US","potentialAction":[{"@type":"ReadAction","target":["https:\/\/www.binder-gmbh.at\/en\/heating-with-chicken-litter\/"]}]},{"@type":"ImageObject","inLanguage":"en-US","@id":"https:\/\/www.binder-gmbh.at\/en\/heating-with-chicken-litter\/#primaryimage","url":"https:\/\/www.binder-gmbh.at\/wp-content\/uploads\/2014\/06\/HMH_Binder.jpg","contentUrl":"https:\/\/www.binder-gmbh.at\/wp-content\/uploads\/2014\/06\/HMH_Binder.jpg"},{"@type":"BreadcrumbList","@id":"https:\/\/www.binder-gmbh.at\/en\/heating-with-chicken-litter\/#breadcrumb","itemListElement":[{"@type":"ListItem","position":1,"name":"Home","item":"https:\/\/www.binder-gmbh.at\/en\/"},{"@type":"ListItem","position":2,"name":"Heating with chicken litter"}]},{"@type":"WebSite","@id":"https:\/\/www.binder-gmbh.at\/en\/#website","url":"https:\/\/www.binder-gmbh.at\/en\/","name":"BINDER Energietechnik GmbH","description":"BINDER Energietechnik GmbH, Industrie Biomassefeuerungsanlagen, Warmwasser, Hei\u00dfwasser, Sattdampf, Luftw\u00e4rmtauscher, Komplettanbieter f\u00fcr erneuerbare Energiel\u00f6sungen","potentialAction":[{"@type":"SearchAction","target":{"@type":"EntryPoint","urlTemplate":"https:\/\/www.binder-gmbh.at\/en\/?s={search_term_string}"},"query-input":{"@type":"PropertyValueSpecification","valueRequired":true,"valueName":"search_term_string"}}],"inLanguage":"en-US"}]}},"_links":{"self":[{"href":"https:\/\/www.binder-gmbh.at\/en\/wp-json\/wp\/v2\/pages\/4001","targetHints":{"allow":["GET"]}}],"collection":[{"href":"https:\/\/www.binder-gmbh.at\/en\/wp-json\/wp\/v2\/pages"}],"about":[{"href":"https:\/\/www.binder-gmbh.at\/en\/wp-json\/wp\/v2\/types\/page"}],"author":[{"embeddable":true,"href":"https:\/\/www.binder-gmbh.at\/en\/wp-json\/wp\/v2\/users\/1"}],"replies":[{"embeddable":true,"href":"https:\/\/www.binder-gmbh.at\/en\/wp-json\/wp\/v2\/comments?post=4001"}],"version-history":[{"count":1,"href":"https:\/\/www.binder-gmbh.at\/en\/wp-json\/wp\/v2\/pages\/4001\/revisions"}],"predecessor-version":[{"id":4010,"href":"https:\/\/www.binder-gmbh.at\/en\/wp-json\/wp\/v2\/pages\/4001\/revisions\/4010"}],"wp:attachment":[{"href":"https:\/\/www.binder-gmbh.at\/en\/wp-json\/wp\/v2\/media?parent=4001"}],"curies":[{"name":"wp","href":"https:\/\/api.w.org\/{rel}","templated":true}]}}