{"id":1884,"date":"2015-02-09T09:46:30","date_gmt":"2015-02-09T08:46:30","guid":{"rendered":"https:\/\/www.binder-gmbh.at\/expoenergy-wels\/"},"modified":"2015-12-18T10:18:06","modified_gmt":"2015-12-18T09:18:06","slug":"expoenergy-wels","status":"publish","type":"page","link":"https:\/\/www.binder-gmbh.at\/en\/expoenergy-wels\/","title":{"rendered":"expoEnergy Wels"},"content":{"rendered":"<p>Visit us at the expoEnergy in Wels.<\/p>\n<p>Find us at: Halle 20 \/ Stand A150<\/p>\n<p><img decoding=\"async\" class=\"alignleft size-full wp-image-1665\" src=\"\/wp-content\/uploads\/2015\/02\/einladung_messe_wels.jpg\" alt=\"2015-01-22 HERZ+Binder_Einladungskarte.indd\" width=\"510\" height=\"227\" srcset=\"https:\/\/www.binder-gmbh.at\/wp-content\/uploads\/2015\/02\/einladung_messe_wels-300x133.jpg 300w, https:\/\/www.binder-gmbh.at\/wp-content\/uploads\/2015\/02\/einladung_messe_wels.jpg 510w\" sizes=\"(max-width: 510px) 100vw, 510px\" \/><\/p>\n","protected":false},"excerpt":{"rendered":"<p>Visit us at the expoEnergy in Wels. Find us at: Halle 20 \/ Stand A150<\/p>\n","protected":false},"author":1,"featured_media":1665,"parent":0,"menu_order":0,"comment_status":"closed","ping_status":"closed","template":"","meta":{"footnotes":""},"class_list":["post-1884","page","type-page","status-publish","has-post-thumbnail","hentry"],"yoast_head":"<!-- This site is optimized with the Yoast SEO plugin v26.9 - https:\/\/yoast.com\/product\/yoast-seo-wordpress\/ -->\n<title>expoEnergy Wels - BINDER Energietechnik GmbH<\/title>\n<meta name=\"robots\" content=\"index, follow, max-snippet:-1, max-image-preview:large, max-video-preview:-1\" \/>\n<link rel=\"canonical\" href=\"https:\/\/www.binder-gmbh.at\/en\/expoenergy-wels\/\" \/>\n<meta property=\"og:locale\" content=\"en_US\" \/>\n<meta property=\"og:type\" content=\"article\" \/>\n<meta property=\"og:title\" content=\"expoEnergy Wels - BINDER Energietechnik GmbH\" \/>\n<meta property=\"og:description\" content=\"Visit us at the expoEnergy in Wels. Find us at: Halle 20 \/ Stand A150\" \/>\n<meta property=\"og:url\" content=\"https:\/\/www.binder-gmbh.at\/en\/expoenergy-wels\/\" \/>\n<meta property=\"og:site_name\" content=\"BINDER Energietechnik GmbH\" \/>\n<meta property=\"article:publisher\" content=\"https:\/\/www.facebook.com\/binderenergietechnik\" \/>\n<meta property=\"article:modified_time\" content=\"2015-12-18T09:18:06+00:00\" \/>\n<meta property=\"og:image\" content=\"https:\/\/www.binder-gmbh.at\/wp-content\/uploads\/2015\/02\/einladung_messe_wels.jpg\" \/>\n\t<meta property=\"og:image:width\" content=\"510\" \/>\n\t<meta property=\"og:image:height\" content=\"227\" \/>\n\t<meta property=\"og:image:type\" content=\"image\/jpeg\" \/>\n<script type=\"application\/ld+json\" class=\"yoast-schema-graph\">{\"@context\":\"https:\/\/schema.org\",\"@graph\":[{\"@type\":\"WebPage\",\"@id\":\"https:\/\/www.binder-gmbh.at\/en\/expoenergy-wels\/\",\"url\":\"https:\/\/www.binder-gmbh.at\/en\/expoenergy-wels\/\",\"name\":\"expoEnergy Wels - BINDER Energietechnik GmbH\",\"isPartOf\":{\"@id\":\"https:\/\/www.binder-gmbh.at\/en\/#website\"},\"primaryImageOfPage\":{\"@id\":\"https:\/\/www.binder-gmbh.at\/en\/expoenergy-wels\/#primaryimage\"},\"image\":{\"@id\":\"https:\/\/www.binder-gmbh.at\/en\/expoenergy-wels\/#primaryimage\"},\"thumbnailUrl\":\"https:\/\/www.binder-gmbh.at\/wp-content\/uploads\/2015\/02\/einladung_messe_wels.jpg\",\"datePublished\":\"2015-02-09T08:46:30+00:00\",\"dateModified\":\"2015-12-18T09:18:06+00:00\",\"breadcrumb\":{\"@id\":\"https:\/\/www.binder-gmbh.at\/en\/expoenergy-wels\/#breadcrumb\"},\"inLanguage\":\"en-US\",\"potentialAction\":[{\"@type\":\"ReadAction\",\"target\":[\"https:\/\/www.binder-gmbh.at\/en\/expoenergy-wels\/\"]}]},{\"@type\":\"ImageObject\",\"inLanguage\":\"en-US\",\"@id\":\"https:\/\/www.binder-gmbh.at\/en\/expoenergy-wels\/#primaryimage\",\"url\":\"https:\/\/www.binder-gmbh.at\/wp-content\/uploads\/2015\/02\/einladung_messe_wels.jpg\",\"contentUrl\":\"https:\/\/www.binder-gmbh.at\/wp-content\/uploads\/2015\/02\/einladung_messe_wels.jpg\",\"width\":510,\"height\":227},{\"@type\":\"BreadcrumbList\",\"@id\":\"https:\/\/www.binder-gmbh.at\/en\/expoenergy-wels\/#breadcrumb\",\"itemListElement\":[{\"@type\":\"ListItem\",\"position\":1,\"name\":\"Home\",\"item\":\"https:\/\/www.binder-gmbh.at\/en\/\"},{\"@type\":\"ListItem\",\"position\":2,\"name\":\"expoEnergy Wels\"}]},{\"@type\":\"WebSite\",\"@id\":\"https:\/\/www.binder-gmbh.at\/en\/#website\",\"url\":\"https:\/\/www.binder-gmbh.at\/en\/\",\"name\":\"BINDER Energietechnik GmbH\",\"description\":\"BINDER Energietechnik GmbH, Industrie Biomassefeuerungsanlagen, Warmwasser, Hei\u00dfwasser, Sattdampf, Luftw\u00e4rmtauscher, Komplettanbieter f\u00fcr erneuerbare Energiel\u00f6sungen\",\"potentialAction\":[{\"@type\":\"SearchAction\",\"target\":{\"@type\":\"EntryPoint\",\"urlTemplate\":\"https:\/\/www.binder-gmbh.at\/en\/?s={search_term_string}\"},\"query-input\":{\"@type\":\"PropertyValueSpecification\",\"valueRequired\":true,\"valueName\":\"search_term_string\"}}],\"inLanguage\":\"en-US\"}]}<\/script>\n<!-- \/ Yoast SEO plugin. -->","yoast_head_json":{"title":"expoEnergy Wels - BINDER Energietechnik GmbH","robots":{"index":"index","follow":"follow","max-snippet":"max-snippet:-1","max-image-preview":"max-image-preview:large","max-video-preview":"max-video-preview:-1"},"canonical":"https:\/\/www.binder-gmbh.at\/en\/expoenergy-wels\/","og_locale":"en_US","og_type":"article","og_title":"expoEnergy Wels - BINDER Energietechnik GmbH","og_description":"Visit us at the expoEnergy in Wels. Find us at: Halle 20 \/ Stand A150","og_url":"https:\/\/www.binder-gmbh.at\/en\/expoenergy-wels\/","og_site_name":"BINDER Energietechnik GmbH","article_publisher":"https:\/\/www.facebook.com\/binderenergietechnik","article_modified_time":"2015-12-18T09:18:06+00:00","og_image":[{"width":510,"height":227,"url":"https:\/\/www.binder-gmbh.at\/wp-content\/uploads\/2015\/02\/einladung_messe_wels.jpg","type":"image\/jpeg"}],"schema":{"@context":"https:\/\/schema.org","@graph":[{"@type":"WebPage","@id":"https:\/\/www.binder-gmbh.at\/en\/expoenergy-wels\/","url":"https:\/\/www.binder-gmbh.at\/en\/expoenergy-wels\/","name":"expoEnergy Wels - BINDER Energietechnik GmbH","isPartOf":{"@id":"https:\/\/www.binder-gmbh.at\/en\/#website"},"primaryImageOfPage":{"@id":"https:\/\/www.binder-gmbh.at\/en\/expoenergy-wels\/#primaryimage"},"image":{"@id":"https:\/\/www.binder-gmbh.at\/en\/expoenergy-wels\/#primaryimage"},"thumbnailUrl":"https:\/\/www.binder-gmbh.at\/wp-content\/uploads\/2015\/02\/einladung_messe_wels.jpg","datePublished":"2015-02-09T08:46:30+00:00","dateModified":"2015-12-18T09:18:06+00:00","breadcrumb":{"@id":"https:\/\/www.binder-gmbh.at\/en\/expoenergy-wels\/#breadcrumb"},"inLanguage":"en-US","potentialAction":[{"@type":"ReadAction","target":["https:\/\/www.binder-gmbh.at\/en\/expoenergy-wels\/"]}]},{"@type":"ImageObject","inLanguage":"en-US","@id":"https:\/\/www.binder-gmbh.at\/en\/expoenergy-wels\/#primaryimage","url":"https:\/\/www.binder-gmbh.at\/wp-content\/uploads\/2015\/02\/einladung_messe_wels.jpg","contentUrl":"https:\/\/www.binder-gmbh.at\/wp-content\/uploads\/2015\/02\/einladung_messe_wels.jpg","width":510,"height":227},{"@type":"BreadcrumbList","@id":"https:\/\/www.binder-gmbh.at\/en\/expoenergy-wels\/#breadcrumb","itemListElement":[{"@type":"ListItem","position":1,"name":"Home","item":"https:\/\/www.binder-gmbh.at\/en\/"},{"@type":"ListItem","position":2,"name":"expoEnergy Wels"}]},{"@type":"WebSite","@id":"https:\/\/www.binder-gmbh.at\/en\/#website","url":"https:\/\/www.binder-gmbh.at\/en\/","name":"BINDER Energietechnik GmbH","description":"BINDER Energietechnik GmbH, Industrie Biomassefeuerungsanlagen, Warmwasser, Hei\u00dfwasser, Sattdampf, Luftw\u00e4rmtauscher, Komplettanbieter f\u00fcr erneuerbare Energiel\u00f6sungen","potentialAction":[{"@type":"SearchAction","target":{"@type":"EntryPoint","urlTemplate":"https:\/\/www.binder-gmbh.at\/en\/?s={search_term_string}"},"query-input":{"@type":"PropertyValueSpecification","valueRequired":true,"valueName":"search_term_string"}}],"inLanguage":"en-US"}]}},"_links":{"self":[{"href":"https:\/\/www.binder-gmbh.at\/en\/wp-json\/wp\/v2\/pages\/1884","targetHints":{"allow":["GET"]}}],"collection":[{"href":"https:\/\/www.binder-gmbh.at\/en\/wp-json\/wp\/v2\/pages"}],"about":[{"href":"https:\/\/www.binder-gmbh.at\/en\/wp-json\/wp\/v2\/types\/page"}],"author":[{"embeddable":true,"href":"https:\/\/www.binder-gmbh.at\/en\/wp-json\/wp\/v2\/users\/1"}],"replies":[{"embeddable":true,"href":"https:\/\/www.binder-gmbh.at\/en\/wp-json\/wp\/v2\/comments?post=1884"}],"version-history":[{"count":1,"href":"https:\/\/www.binder-gmbh.at\/en\/wp-json\/wp\/v2\/pages\/1884\/revisions"}],"predecessor-version":[{"id":2842,"href":"https:\/\/www.binder-gmbh.at\/en\/wp-json\/wp\/v2\/pages\/1884\/revisions\/2842"}],"wp:featuredmedia":[{"embeddable":true,"href":"https:\/\/www.binder-gmbh.at\/en\/wp-json\/wp\/v2\/media\/1665"}],"wp:attachment":[{"href":"https:\/\/www.binder-gmbh.at\/en\/wp-json\/wp\/v2\/media?parent=1884"}],"curies":[{"name":"wp","href":"https:\/\/api.w.org\/{rel}","templated":true}]}}