{"id":1880,"date":"2014-12-16T15:48:54","date_gmt":"2014-12-16T14:48:54","guid":{"rendered":"https:\/\/www.binder-gmbh.at\/sales-austria\/"},"modified":"2016-12-28T09:20:41","modified_gmt":"2016-12-28T08:20:41","slug":"sales-austria","status":"publish","type":"page","link":"https:\/\/www.binder-gmbh.at\/en\/sale-worldwide\/sales-austria\/","title":{"rendered":"Sales Austria"},"content":{"rendered":"<p><div class=\"fusion-fullwidth fullwidth-box fusion-builder-row-1 nonhundred-percent-fullwidth non-hundred-percent-height-scrolling\" style=\"background-color: #ffffff;background-position: center center;background-repeat: no-repeat;padding-top:0px;padding-right:0px;padding-bottom:0px;padding-left:0px;margin-bottom: 0px;margin-top: 0px;border-width: 0px 0px 0px 0px;border-color:#eae9e9;border-style:solid;\" ><\/div><div class=\"fusion-builder-row fusion-row\"><\/div><div class=\"fusion-layout-column fusion_builder_column fusion-builder-column-0 fusion_builder_column_1_1 1_1 fusion-one-full fusion-column-first fusion-column-last\" style=\"width:100%;margin-top:0px;margin-bottom:0px;\"><div class=\"fusion-column-wrapper fusion-flex-column-wrapper-legacy\" style=\"background-position:left top;background-repeat:no-repeat;-webkit-background-size:cover;-moz-background-size:cover;-o-background-size:cover;background-size:cover;padding: 0px 0px 0px 0px;\"><div class=\"fusion-clearfix\"><\/div><\/div><\/div><style type=\"text\/css\"><\/style><div class=\"fusion-title title fusion-title-1 fusion-sep-none fusion-title-text fusion-title-size-one\" style=\"margin-top:0px;margin-right:0px;margin-bottom:31px;margin-left:0px;\"><h1 class=\"title-heading-left fusion-responsive-typography-calculated\" style=\"margin:0;--fontSize:34;line-height:1.5;\"><\/p>\n<p style=\"color: #cc0000;\">Sales Austria<\/p>\n<p><\/h1><\/div><div class=\"fusion-text fusion-text-1\"><\/div><\/p>\n<p>Select your contact person by reference to the map.<\/p>\n<p>[show-map id=&#8217;1&#8242;]<\/p>\n","protected":false},"excerpt":{"rendered":"<p>Select your contact person by reference to the map. [show-map id=&#8217;1&#8242;]<\/p>\n","protected":false},"author":1,"featured_media":0,"parent":1828,"menu_order":0,"comment_status":"closed","ping_status":"closed","template":"","meta":{"footnotes":""},"class_list":["post-1880","page","type-page","status-publish","hentry"],"yoast_head":"<!-- This site is optimized with the Yoast SEO plugin v26.9 - https:\/\/yoast.com\/product\/yoast-seo-wordpress\/ -->\n<title>Sales Austria - BINDER Energietechnik GmbH<\/title>\n<meta name=\"description\" content=\"Sales Austria. Select your contact person by reference to the map.\" \/>\n<meta name=\"robots\" content=\"index, follow, max-snippet:-1, max-image-preview:large, max-video-preview:-1\" \/>\n<link rel=\"canonical\" href=\"https:\/\/www.binder-gmbh.at\/en\/sale-worldwide\/sales-austria\/\" \/>\n<meta property=\"og:locale\" content=\"en_US\" \/>\n<meta property=\"og:type\" content=\"article\" \/>\n<meta property=\"og:title\" content=\"Sales Austria - BINDER Energietechnik GmbH\" \/>\n<meta property=\"og:description\" content=\"Sales Austria. Select your contact person by reference to the map.\" \/>\n<meta property=\"og:url\" content=\"https:\/\/www.binder-gmbh.at\/en\/sale-worldwide\/sales-austria\/\" \/>\n<meta property=\"og:site_name\" content=\"BINDER Energietechnik GmbH\" \/>\n<meta property=\"article:publisher\" content=\"https:\/\/www.facebook.com\/binderenergietechnik\" \/>\n<meta property=\"article:modified_time\" content=\"2016-12-28T08:20:41+00:00\" \/>\n<meta name=\"twitter:label1\" content=\"Est. reading time\" \/>\n\t<meta name=\"twitter:data1\" content=\"1 minute\" \/>\n<script type=\"application\/ld+json\" class=\"yoast-schema-graph\">{\"@context\":\"https:\/\/schema.org\",\"@graph\":[{\"@type\":\"WebPage\",\"@id\":\"https:\/\/www.binder-gmbh.at\/en\/sale-worldwide\/sales-austria\/\",\"url\":\"https:\/\/www.binder-gmbh.at\/en\/sale-worldwide\/sales-austria\/\",\"name\":\"Sales Austria - BINDER Energietechnik GmbH\",\"isPartOf\":{\"@id\":\"https:\/\/www.binder-gmbh.at\/en\/#website\"},\"datePublished\":\"2014-12-16T14:48:54+00:00\",\"dateModified\":\"2016-12-28T08:20:41+00:00\",\"description\":\"Sales Austria. Select your contact person by reference to the map.\",\"breadcrumb\":{\"@id\":\"https:\/\/www.binder-gmbh.at\/en\/sale-worldwide\/sales-austria\/#breadcrumb\"},\"inLanguage\":\"en-US\",\"potentialAction\":[{\"@type\":\"ReadAction\",\"target\":[\"https:\/\/www.binder-gmbh.at\/en\/sale-worldwide\/sales-austria\/\"]}]},{\"@type\":\"BreadcrumbList\",\"@id\":\"https:\/\/www.binder-gmbh.at\/en\/sale-worldwide\/sales-austria\/#breadcrumb\",\"itemListElement\":[{\"@type\":\"ListItem\",\"position\":1,\"name\":\"Home\",\"item\":\"https:\/\/www.binder-gmbh.at\/en\/\"},{\"@type\":\"ListItem\",\"position\":2,\"name\":\"Sale worldwide\",\"item\":\"https:\/\/www.binder-gmbh.at\/en\/sale-worldwide\/\"},{\"@type\":\"ListItem\",\"position\":3,\"name\":\"Sales Austria\"}]},{\"@type\":\"WebSite\",\"@id\":\"https:\/\/www.binder-gmbh.at\/en\/#website\",\"url\":\"https:\/\/www.binder-gmbh.at\/en\/\",\"name\":\"BINDER Energietechnik GmbH\",\"description\":\"BINDER Energietechnik GmbH, Industrie Biomassefeuerungsanlagen, Warmwasser, Hei\u00dfwasser, Sattdampf, Luftw\u00e4rmtauscher, Komplettanbieter f\u00fcr erneuerbare Energiel\u00f6sungen\",\"potentialAction\":[{\"@type\":\"SearchAction\",\"target\":{\"@type\":\"EntryPoint\",\"urlTemplate\":\"https:\/\/www.binder-gmbh.at\/en\/?s={search_term_string}\"},\"query-input\":{\"@type\":\"PropertyValueSpecification\",\"valueRequired\":true,\"valueName\":\"search_term_string\"}}],\"inLanguage\":\"en-US\"}]}<\/script>\n<!-- \/ Yoast SEO plugin. -->","yoast_head_json":{"title":"Sales Austria - BINDER Energietechnik GmbH","description":"Sales Austria. Select your contact person by reference to the map.","robots":{"index":"index","follow":"follow","max-snippet":"max-snippet:-1","max-image-preview":"max-image-preview:large","max-video-preview":"max-video-preview:-1"},"canonical":"https:\/\/www.binder-gmbh.at\/en\/sale-worldwide\/sales-austria\/","og_locale":"en_US","og_type":"article","og_title":"Sales Austria - BINDER Energietechnik GmbH","og_description":"Sales Austria. Select your contact person by reference to the map.","og_url":"https:\/\/www.binder-gmbh.at\/en\/sale-worldwide\/sales-austria\/","og_site_name":"BINDER Energietechnik GmbH","article_publisher":"https:\/\/www.facebook.com\/binderenergietechnik","article_modified_time":"2016-12-28T08:20:41+00:00","twitter_misc":{"Est. reading time":"1 minute"},"schema":{"@context":"https:\/\/schema.org","@graph":[{"@type":"WebPage","@id":"https:\/\/www.binder-gmbh.at\/en\/sale-worldwide\/sales-austria\/","url":"https:\/\/www.binder-gmbh.at\/en\/sale-worldwide\/sales-austria\/","name":"Sales Austria - BINDER Energietechnik GmbH","isPartOf":{"@id":"https:\/\/www.binder-gmbh.at\/en\/#website"},"datePublished":"2014-12-16T14:48:54+00:00","dateModified":"2016-12-28T08:20:41+00:00","description":"Sales Austria. Select your contact person by reference to the map.","breadcrumb":{"@id":"https:\/\/www.binder-gmbh.at\/en\/sale-worldwide\/sales-austria\/#breadcrumb"},"inLanguage":"en-US","potentialAction":[{"@type":"ReadAction","target":["https:\/\/www.binder-gmbh.at\/en\/sale-worldwide\/sales-austria\/"]}]},{"@type":"BreadcrumbList","@id":"https:\/\/www.binder-gmbh.at\/en\/sale-worldwide\/sales-austria\/#breadcrumb","itemListElement":[{"@type":"ListItem","position":1,"name":"Home","item":"https:\/\/www.binder-gmbh.at\/en\/"},{"@type":"ListItem","position":2,"name":"Sale worldwide","item":"https:\/\/www.binder-gmbh.at\/en\/sale-worldwide\/"},{"@type":"ListItem","position":3,"name":"Sales Austria"}]},{"@type":"WebSite","@id":"https:\/\/www.binder-gmbh.at\/en\/#website","url":"https:\/\/www.binder-gmbh.at\/en\/","name":"BINDER Energietechnik GmbH","description":"BINDER Energietechnik GmbH, Industrie Biomassefeuerungsanlagen, Warmwasser, Hei\u00dfwasser, Sattdampf, Luftw\u00e4rmtauscher, Komplettanbieter f\u00fcr erneuerbare Energiel\u00f6sungen","potentialAction":[{"@type":"SearchAction","target":{"@type":"EntryPoint","urlTemplate":"https:\/\/www.binder-gmbh.at\/en\/?s={search_term_string}"},"query-input":{"@type":"PropertyValueSpecification","valueRequired":true,"valueName":"search_term_string"}}],"inLanguage":"en-US"}]}},"_links":{"self":[{"href":"https:\/\/www.binder-gmbh.at\/en\/wp-json\/wp\/v2\/pages\/1880","targetHints":{"allow":["GET"]}}],"collection":[{"href":"https:\/\/www.binder-gmbh.at\/en\/wp-json\/wp\/v2\/pages"}],"about":[{"href":"https:\/\/www.binder-gmbh.at\/en\/wp-json\/wp\/v2\/types\/page"}],"author":[{"embeddable":true,"href":"https:\/\/www.binder-gmbh.at\/en\/wp-json\/wp\/v2\/users\/1"}],"replies":[{"embeddable":true,"href":"https:\/\/www.binder-gmbh.at\/en\/wp-json\/wp\/v2\/comments?post=1880"}],"version-history":[{"count":1,"href":"https:\/\/www.binder-gmbh.at\/en\/wp-json\/wp\/v2\/pages\/1880\/revisions"}],"predecessor-version":[{"id":3458,"href":"https:\/\/www.binder-gmbh.at\/en\/wp-json\/wp\/v2\/pages\/1880\/revisions\/3458"}],"up":[{"embeddable":true,"href":"https:\/\/www.binder-gmbh.at\/en\/wp-json\/wp\/v2\/pages\/1828"}],"wp:attachment":[{"href":"https:\/\/www.binder-gmbh.at\/en\/wp-json\/wp\/v2\/media?parent=1880"}],"curies":[{"name":"wp","href":"https:\/\/api.w.org\/{rel}","templated":true}]}}