{"id":1858,"date":"2014-06-17T23:12:57","date_gmt":"2014-06-17T21:12:57","guid":{"rendered":"https:\/\/www.binder-gmbh.at\/test-center\/"},"modified":"2015-12-18T09:52:27","modified_gmt":"2015-12-18T08:52:27","slug":"test-center","status":"publish","type":"page","link":"https:\/\/www.binder-gmbh.at\/en\/research-and-development\/test-center\/","title":{"rendered":"Test Center"},"content":{"rendered":"<p><img decoding=\"async\" src=\"\/wp-content\/uploads\/2014\/06\/f_e_klein.png\" alt=\"f_e_klein\" width=\"800\" height=\"463\" class=\"aligncenter size-full wp-image-1159\" srcset=\"https:\/\/www.binder-gmbh.at\/wp-content\/uploads\/2014\/06\/f_e_klein-300x173.png 300w, https:\/\/www.binder-gmbh.at\/wp-content\/uploads\/2014\/06\/f_e_klein.png 800w\" sizes=\"(max-width: 800px) 100vw, 800px\" \/><br \/>\nBINDER operates 3 test boilers at the head office.<br \/>\nWith these units BINDER is able to perform test firings for non-standard fuels to ensure combustion will be within legal emission limits.<br \/>\nThe expertise gained during the tests are the foundation of the subsequent electrical and mechanical design process, for BINDER to ensure optimised combustion of the fuel available.<\/p>\n<h3>Available Combustion Units<\/h3>\n<h5>RRK 200-350 TSRF<\/h5>\n<table>\n<tr>\n<td colspan=\"3\">\nOur longest standing test unit with a nominal capacity of 250 kWh equipped with a moving grate combustion unit for dry fuels type TSRF.<br \/>\nThe variable fuel feed system allows our engineers to change fuel in short time. With the accumulator tank &#8211; excess heat storage &#8211; and the possibility to cool the heating water with a water-to-air heat exchanger combustion tests can even be performed during Summer.\n<\/td>\n<\/tr>\n<table>\n<tr>\n<td><img decoding=\"async\" src=\"\/wp-content\/uploads\/2014\/06\/200_350_tsrf_1_w350-300x199.png\" alt=\"200_350_tsrf_1_w350\" width=\"300\" height=\"199\" class=\"aligncenter size-medium wp-image-1173\" srcset=\"https:\/\/www.binder-gmbh.at\/wp-content\/uploads\/2014\/06\/200_350_tsrf_1_w350-300x199.png 300w, https:\/\/www.binder-gmbh.at\/wp-content\/uploads\/2014\/06\/200_350_tsrf_1_w350.png 350w\" sizes=\"(max-width: 300px) 100vw, 300px\" \/><\/td>\n<td><img decoding=\"async\" src=\"\/wp-content\/uploads\/2014\/06\/200_350_tsrf_2_w350-300x199.png\" alt=\"200_350_tsrf_2_w350\" width=\"300\" height=\"199\" class=\"aligncenter size-medium wp-image-1174\" srcset=\"https:\/\/www.binder-gmbh.at\/wp-content\/uploads\/2014\/06\/200_350_tsrf_2_w350-300x199.png 300w, https:\/\/www.binder-gmbh.at\/wp-content\/uploads\/2014\/06\/200_350_tsrf_2_w350.png 350w\" sizes=\"(max-width: 300px) 100vw, 300px\" \/><\/td>\n<td><img decoding=\"async\" src=\"\/wp-content\/uploads\/2014\/06\/200_350_tsrf_3_w350-300x199.png\" alt=\"200_350_tsrf_3_w350\" width=\"300\" height=\"199\" class=\"aligncenter size-medium wp-image-1175\" srcset=\"https:\/\/www.binder-gmbh.at\/wp-content\/uploads\/2014\/06\/200_350_tsrf_3_w350-300x199.png 300w, https:\/\/www.binder-gmbh.at\/wp-content\/uploads\/2014\/06\/200_350_tsrf_3_w350.png 350w\" sizes=\"(max-width: 300px) 100vw, 300px\" \/><\/td>\n<\/tr>\n<\/table>\n<hr>\n<h5>WW\/HW\/DK 200-350 DR<\/h5>\n<table>\n<tr>\n<td colspan=\"3\">\nTest unit with a nominal capacity of 250 kWh currently equipped with a prototype combustion system.<br \/>\nIt can produce warm or hot water or saturated steam (depending on configuration).<br \/>\nBecause of the variable design the combustion system can easily be modified.\n<\/td>\n<\/tr>\n<tr>\n<td><a href=\"\/wp-content\/uploads\/2014\/06\/dk_200_350_3_w350.png\"><img decoding=\"async\" src=\"\/wp-content\/uploads\/2014\/06\/dk_200_350_3_w350-206x300.png\" alt=\"dk_200_350_3_w350\" width=\"206\" height=\"300\" class=\"aligncenter size-medium wp-image-1181\" srcset=\"https:\/\/www.binder-gmbh.at\/wp-content\/uploads\/2014\/06\/dk_200_350_3_w350-206x300.png 206w, https:\/\/www.binder-gmbh.at\/wp-content\/uploads\/2014\/06\/dk_200_350_3_w350.png 321w\" sizes=\"(max-width: 206px) 100vw, 206px\" \/><\/a><\/td>\n<td><img decoding=\"async\" src=\"\/wp-content\/uploads\/2014\/06\/dk_200_350_4_w350.png\" alt=\"dk_200_350_4_w350\" width=\"206\" height=\"300\" class=\"aligncenter size-full wp-image-1182\" \/><\/td>\n<td><img decoding=\"async\" src=\"\/wp-content\/uploads\/2014\/06\/dk_200_350_1_w350.png\" alt=\"dk_200_350_1_w350\" width=\"206\" height=\"300\" class=\"aligncenter size-full wp-image-1180\" \/><\/td>\n<\/tr>\n<\/table>\n<hr>\n<h5>RRK 1000 SRF<\/h5>\n<table>\n<tr>\n<td colspan = \"3\">\nOur biggest test unit with a nominal capacity of 1,000 kWh designed for wet fuels (higher than M60).<br \/>\nThe unit is equipped with a walking floor and a hydraulic fuel feed system for coarse materials.<br \/>\nIn combination with a BINDER Ceramic Filter System (BKF) and latest dust emission measuring technology very accurate predictions regarding emissions can be made.\n<\/td>\n<\/tr>\n<tr>\n<td><img decoding=\"async\" src=\"\/wp-content\/uploads\/2014\/06\/ffg_wkst_w500-300x261.png\" alt=\"ffg_wkst_w500\" width=\"300\" height=\"261\" class=\"aligncenter size-medium wp-image-1163\" srcset=\"https:\/\/www.binder-gmbh.at\/wp-content\/uploads\/2014\/06\/ffg_wkst_w500-300x261.png 300w, https:\/\/www.binder-gmbh.at\/wp-content\/uploads\/2014\/06\/ffg_wkst_w500.png 500w\" sizes=\"(max-width: 300px) 100vw, 300px\" \/><\/td>\n<td><img decoding=\"async\" src=\"\/wp-content\/uploads\/2014\/06\/ffg_wkst_2_w500-300x222.png\" alt=\"ffg_wkst_2_w500\" width=\"300\" height=\"222\" class=\"aligncenter size-medium wp-image-1164\" srcset=\"https:\/\/www.binder-gmbh.at\/wp-content\/uploads\/2014\/06\/ffg_wkst_2_w500-300x222.png 300w, https:\/\/www.binder-gmbh.at\/wp-content\/uploads\/2014\/06\/ffg_wkst_2_w500.png 500w\" sizes=\"(max-width: 300px) 100vw, 300px\" \/><\/td>\n<td><img decoding=\"async\" src=\"\/wp-content\/uploads\/2014\/06\/ffg_wkst_3_w500-300x195.png\" alt=\"ffg_wkst_3_w500\" width=\"300\" height=\"195\" class=\"aligncenter size-medium wp-image-1165\" srcset=\"https:\/\/www.binder-gmbh.at\/wp-content\/uploads\/2014\/06\/ffg_wkst_3_w500-300x195.png 300w, https:\/\/www.binder-gmbh.at\/wp-content\/uploads\/2014\/06\/ffg_wkst_3_w500.png 500w\" sizes=\"(max-width: 300px) 100vw, 300px\" \/><\/td>\n<\/tr>\n<tr>\n<td><\/td>\n<td><\/td>\n<td><\/td>\n<\/tr>\n<\/table>\n","protected":false},"excerpt":{"rendered":"<p>BINDER operates 3 test boilers at the head office. With these units BINDER is able to perform test firings for non-standard fuels to ensure combustion will be within legal emission limits. The expertise gained during the tests are the foundation [&hellip;]<\/p>\n","protected":false},"author":1,"featured_media":0,"parent":1804,"menu_order":0,"comment_status":"closed","ping_status":"closed","template":"","meta":{"footnotes":""},"class_list":["post-1858","page","type-page","status-publish","hentry"],"yoast_head":"<!-- This site is optimized with the Yoast SEO plugin v26.9 - https:\/\/yoast.com\/product\/yoast-seo-wordpress\/ -->\n<title>Test Center - BINDER Energietechnik GmbH<\/title>\n<meta name=\"robots\" content=\"index, follow, max-snippet:-1, max-image-preview:large, max-video-preview:-1\" \/>\n<link rel=\"canonical\" href=\"https:\/\/www.binder-gmbh.at\/en\/research-and-development\/test-center\/\" \/>\n<meta property=\"og:locale\" content=\"en_US\" \/>\n<meta property=\"og:type\" content=\"article\" \/>\n<meta property=\"og:title\" content=\"Test Center - BINDER Energietechnik GmbH\" \/>\n<meta property=\"og:description\" content=\"BINDER operates 3 test boilers at the head office. With these units BINDER is able to perform test firings for non-standard fuels to ensure combustion will be within legal emission limits. The expertise gained during the tests are the foundation [&hellip;]\" \/>\n<meta property=\"og:url\" content=\"https:\/\/www.binder-gmbh.at\/en\/research-and-development\/test-center\/\" \/>\n<meta property=\"og:site_name\" content=\"BINDER Energietechnik GmbH\" \/>\n<meta property=\"article:publisher\" content=\"https:\/\/www.facebook.com\/binderenergietechnik\" \/>\n<meta property=\"article:modified_time\" content=\"2015-12-18T08:52:27+00:00\" \/>\n<meta name=\"twitter:label1\" content=\"Est. reading time\" \/>\n\t<meta name=\"twitter:data1\" content=\"1 minute\" \/>\n<script type=\"application\/ld+json\" class=\"yoast-schema-graph\">{\"@context\":\"https:\/\/schema.org\",\"@graph\":[{\"@type\":\"WebPage\",\"@id\":\"https:\/\/www.binder-gmbh.at\/en\/research-and-development\/test-center\/\",\"url\":\"https:\/\/www.binder-gmbh.at\/en\/research-and-development\/test-center\/\",\"name\":\"Test Center - BINDER Energietechnik GmbH\",\"isPartOf\":{\"@id\":\"https:\/\/www.binder-gmbh.at\/en\/#website\"},\"datePublished\":\"2014-06-17T21:12:57+00:00\",\"dateModified\":\"2015-12-18T08:52:27+00:00\",\"breadcrumb\":{\"@id\":\"https:\/\/www.binder-gmbh.at\/en\/research-and-development\/test-center\/#breadcrumb\"},\"inLanguage\":\"en-US\",\"potentialAction\":[{\"@type\":\"ReadAction\",\"target\":[\"https:\/\/www.binder-gmbh.at\/en\/research-and-development\/test-center\/\"]}]},{\"@type\":\"BreadcrumbList\",\"@id\":\"https:\/\/www.binder-gmbh.at\/en\/research-and-development\/test-center\/#breadcrumb\",\"itemListElement\":[{\"@type\":\"ListItem\",\"position\":1,\"name\":\"Home\",\"item\":\"https:\/\/www.binder-gmbh.at\/en\/\"},{\"@type\":\"ListItem\",\"position\":2,\"name\":\"Research and Development\",\"item\":\"https:\/\/www.binder-gmbh.at\/en\/?page_id=1804\"},{\"@type\":\"ListItem\",\"position\":3,\"name\":\"Test Center\"}]},{\"@type\":\"WebSite\",\"@id\":\"https:\/\/www.binder-gmbh.at\/en\/#website\",\"url\":\"https:\/\/www.binder-gmbh.at\/en\/\",\"name\":\"BINDER Energietechnik GmbH\",\"description\":\"BINDER Energietechnik GmbH, Industrie Biomassefeuerungsanlagen, Warmwasser, Hei\u00dfwasser, Sattdampf, Luftw\u00e4rmtauscher, Komplettanbieter f\u00fcr erneuerbare Energiel\u00f6sungen\",\"potentialAction\":[{\"@type\":\"SearchAction\",\"target\":{\"@type\":\"EntryPoint\",\"urlTemplate\":\"https:\/\/www.binder-gmbh.at\/en\/?s={search_term_string}\"},\"query-input\":{\"@type\":\"PropertyValueSpecification\",\"valueRequired\":true,\"valueName\":\"search_term_string\"}}],\"inLanguage\":\"en-US\"}]}<\/script>\n<!-- \/ Yoast SEO plugin. -->","yoast_head_json":{"title":"Test Center - BINDER Energietechnik GmbH","robots":{"index":"index","follow":"follow","max-snippet":"max-snippet:-1","max-image-preview":"max-image-preview:large","max-video-preview":"max-video-preview:-1"},"canonical":"https:\/\/www.binder-gmbh.at\/en\/research-and-development\/test-center\/","og_locale":"en_US","og_type":"article","og_title":"Test Center - BINDER Energietechnik GmbH","og_description":"BINDER operates 3 test boilers at the head office. With these units BINDER is able to perform test firings for non-standard fuels to ensure combustion will be within legal emission limits. The expertise gained during the tests are the foundation [&hellip;]","og_url":"https:\/\/www.binder-gmbh.at\/en\/research-and-development\/test-center\/","og_site_name":"BINDER Energietechnik GmbH","article_publisher":"https:\/\/www.facebook.com\/binderenergietechnik","article_modified_time":"2015-12-18T08:52:27+00:00","twitter_misc":{"Est. reading time":"1 minute"},"schema":{"@context":"https:\/\/schema.org","@graph":[{"@type":"WebPage","@id":"https:\/\/www.binder-gmbh.at\/en\/research-and-development\/test-center\/","url":"https:\/\/www.binder-gmbh.at\/en\/research-and-development\/test-center\/","name":"Test Center - BINDER Energietechnik GmbH","isPartOf":{"@id":"https:\/\/www.binder-gmbh.at\/en\/#website"},"datePublished":"2014-06-17T21:12:57+00:00","dateModified":"2015-12-18T08:52:27+00:00","breadcrumb":{"@id":"https:\/\/www.binder-gmbh.at\/en\/research-and-development\/test-center\/#breadcrumb"},"inLanguage":"en-US","potentialAction":[{"@type":"ReadAction","target":["https:\/\/www.binder-gmbh.at\/en\/research-and-development\/test-center\/"]}]},{"@type":"BreadcrumbList","@id":"https:\/\/www.binder-gmbh.at\/en\/research-and-development\/test-center\/#breadcrumb","itemListElement":[{"@type":"ListItem","position":1,"name":"Home","item":"https:\/\/www.binder-gmbh.at\/en\/"},{"@type":"ListItem","position":2,"name":"Research and Development","item":"https:\/\/www.binder-gmbh.at\/en\/?page_id=1804"},{"@type":"ListItem","position":3,"name":"Test Center"}]},{"@type":"WebSite","@id":"https:\/\/www.binder-gmbh.at\/en\/#website","url":"https:\/\/www.binder-gmbh.at\/en\/","name":"BINDER Energietechnik GmbH","description":"BINDER Energietechnik GmbH, Industrie Biomassefeuerungsanlagen, Warmwasser, Hei\u00dfwasser, Sattdampf, Luftw\u00e4rmtauscher, Komplettanbieter f\u00fcr erneuerbare Energiel\u00f6sungen","potentialAction":[{"@type":"SearchAction","target":{"@type":"EntryPoint","urlTemplate":"https:\/\/www.binder-gmbh.at\/en\/?s={search_term_string}"},"query-input":{"@type":"PropertyValueSpecification","valueRequired":true,"valueName":"search_term_string"}}],"inLanguage":"en-US"}]}},"_links":{"self":[{"href":"https:\/\/www.binder-gmbh.at\/en\/wp-json\/wp\/v2\/pages\/1858","targetHints":{"allow":["GET"]}}],"collection":[{"href":"https:\/\/www.binder-gmbh.at\/en\/wp-json\/wp\/v2\/pages"}],"about":[{"href":"https:\/\/www.binder-gmbh.at\/en\/wp-json\/wp\/v2\/types\/page"}],"author":[{"embeddable":true,"href":"https:\/\/www.binder-gmbh.at\/en\/wp-json\/wp\/v2\/users\/1"}],"replies":[{"embeddable":true,"href":"https:\/\/www.binder-gmbh.at\/en\/wp-json\/wp\/v2\/comments?post=1858"}],"version-history":[{"count":1,"href":"https:\/\/www.binder-gmbh.at\/en\/wp-json\/wp\/v2\/pages\/1858\/revisions"}],"predecessor-version":[{"id":2839,"href":"https:\/\/www.binder-gmbh.at\/en\/wp-json\/wp\/v2\/pages\/1858\/revisions\/2839"}],"up":[{"embeddable":true,"href":"https:\/\/www.binder-gmbh.at\/en\/wp-json\/wp\/v2\/pages\/1804"}],"wp:attachment":[{"href":"https:\/\/www.binder-gmbh.at\/en\/wp-json\/wp\/v2\/media?parent=1858"}],"curies":[{"name":"wp","href":"https:\/\/api.w.org\/{rel}","templated":true}]}}