{"id":1844,"date":"2014-06-17T19:53:43","date_gmt":"2014-06-17T17:53:43","guid":{"rendered":"https:\/\/www.binder-gmbh.at\/air-heat-exchanger\/"},"modified":"2015-12-18T10:34:55","modified_gmt":"2015-12-18T09:34:55","slug":"air-heat-exchanger","status":"publish","type":"page","link":"https:\/\/www.binder-gmbh.at\/en\/competence-in-technology\/air-heat-exchanger\/","title":{"rendered":"Air heat exchanger"},"content":{"rendered":"<p>To make corn, pumpkin seeds and other grain storable it requires drying. As drying is very energy consuming, oil and gas consumption is quite substantial as well. Biomass forms an economical and ecological alternative here as well.<\/p>\n<h3>Advantages<\/h3>\n<table>\n<tr>\n<td>\n<ul class=\"ul_binder_black\">\n<li>Optimized for agriculture and forestry business (e.g. corn, pumpkin seeds and grain drying)<\/li>\n<li>Availability from 200kW to 3,000kWh nominal output<\/li>\n<li>Wide range of fuel types, e.g. wood chip with corn cops<\/li>\n<li>Water cooled combustion chamber with max. flow temperature of 110\u00b0C<\/li>\n<li>No certification in acc. With Pressure Equipment Directive required\n<ul>\n<li>No periodic, time consuming and expensive acceptance testing required as with flow temperatures &gt;110\u00b0C<\/li>\n<li>No expensive high temperature and high pressure certified pipe work, mountings and pumps required<\/li>\n<li>No expensive high temperature certified safety devices required<\/li>\n<li>No expensive and complex high temperature certified electric components required<\/li>\n<\/ul>\n<\/li>\n<\/ul>\n<\/td>\n<td width=\"455\"><img decoding=\"async\" src=\"\/wp-content\/uploads\/2014\/08\/lwt_vorteile.jpg\" alt=\"LWT\" width=\"386\" height=\"350\" class=\"alignright size-full wp-image-1067\" \/><\/td>\n<\/tr>\n<\/table>\n<h3>Typical Applications<\/h3>\n<h4>Indirect Drying<\/h4>\n<p>The heat exchanger is use for drying corn, pumpkin seeds, grain, wood chip or logs. To make corn storable, the water content needs to be lowered from approx. 30% to approx. 14%. For this process a significant amount of oil or gas would be required but with a BINDER Air Heat Exchanger cost effective biomass can be used instead.<\/p>\n<h4>Object Heating<\/h4>\n<p>Another typical application for an Air Heat Exchanger would be heating of halls, tents, green houses or paint shops. The heated fresh air is blow into a distribution duct system and evenly dispersed via louvers. To conserve energy, the heated air is then mixed with fresh air under controlled conditions.<\/p>\n<h3>Details<\/h3>\n<p>The hot combustion gas is routed into the subsequent exhaust-gas -to-air heat exchanger via a flame tube. Initially the exhaust gas passes through the flame tube into the turning chamber. Here the exhaust gas is redirected into the tube heat exchanger and finally into the exhaust gas duct. During this process the heat transfer from combustion gas into fresh air takes place. The waste heat resulting from water cooling the combustion chamber is reused in a water-to-air heat exchanger to pre-heat the fresh air as well.<br \/>\nThe pressure of the fresh air is maintained higher than the combustion gas pressure to avoid contamination of the fresh air.<\/p>\n<h3>Cross Sectional Diagram<\/h3>\n<table border=\"0\" width=\"650\" cellspacing=\"0\" cellpadding=\"0\" align=\"center\">\n<tbody>\n<tr>\n<td colspan=\"8\" bgcolor=\"#c6c6c6\">\n<img decoding=\"async\" src=\"\/wp-content\/uploads\/2014\/06\/lwt_hp_big.png\" alt=\"lwt_hp_big\" width=\"800\" height=\"342\" class=\"aligncenter size-full wp-image-1054\" srcset=\"https:\/\/www.binder-gmbh.at\/wp-content\/uploads\/2014\/06\/lwt_hp_big-300x128.png 300w, https:\/\/www.binder-gmbh.at\/wp-content\/uploads\/2014\/06\/lwt_hp_big-1024x438.png 1024w, https:\/\/www.binder-gmbh.at\/wp-content\/uploads\/2014\/06\/lwt_hp_big.png 3018w\" sizes=\"(max-width: 800px) 100vw, 800px\" \/>\n<\/td>\n<tr>\n<tr>\n<td bgcolor=\"#c6c6c6\" width=\"50\" heigth=\"31\"><img decoding=\"async\" class=\"aligncenter size-full wp-image-1029\" src=\"\/wp-content\/uploads\/2014\/06\/1.png\" alt=\"1\" width=\"30\" height=\"30\" \/><\/td>\n<td bgcolor=\"#c6c6c6\">Water cooled combustion chamber<\/td>\n<td bgcolor=\"#c6c6c6\" width=\"50\"><img decoding=\"async\" class=\"aligncenter size-full wp-image-1029\" src=\"\/wp-content\/uploads\/2014\/06\/2.png\" alt=\"2\" width=\"30\" height=\"30\" \/><\/td>\n<td bgcolor=\"#c6c6c6\">Flame tube<\/td>\n<td bgcolor=\"#c6c6c6\" width=\"50\"><img decoding=\"async\" class=\"aligncenter size-full wp-image-1029\" src=\"\/wp-content\/uploads\/2014\/06\/3.png\" alt=\"3\" width=\"30\" height=\"30\" \/><\/td>\n<td bgcolor=\"#c6c6c6\">Heat exchanger tubes<\/td>\n<td bgcolor=\"#c6c6c6\" width=\"50\"><img decoding=\"async\" class=\"aligncenter size-full wp-image-1029\" src=\"\/wp-content\/uploads\/2014\/06\/4.png\" alt=\"4\" width=\"30\" height=\"30\" \/><\/td>\n<td bgcolor=\"#c6c6c6\">Cleaning door<\/td>\n<\/tr>\n<tr>\n<td bgcolor=\"#c6c6c6\"><img decoding=\"async\" class=\"aligncenter size-full wp-image-1029\" src=\"\/wp-content\/uploads\/2014\/06\/5.png\" alt=\"5\" width=\"30\" height=\"30\" \/><\/td>\n<td bgcolor=\"#c6c6c6\">Turning chamber<\/td>\n<td bgcolor=\"#c6c6c6\"><img decoding=\"async\" class=\"aligncenter size-full wp-image-1029\" src=\"\/wp-content\/uploads\/2014\/06\/6.png\" alt=\"6\" width=\"30\" height=\"30\" \/><\/td>\n<td bgcolor=\"#c6c6c6\">Air-to-air heat exchanger<\/td>\n<td bgcolor=\"#c6c6c6\"><img decoding=\"async\" class=\"aligncenter size-full wp-image-1029\" src=\"\/wp-content\/uploads\/2014\/06\/7.png\" alt=\"7\" width=\"30\" height=\"30\" \/><\/td>\n<td bgcolor=\"#c6c6c6\">Exhaust gas outlet<\/td>\n<td bgcolor=\"#c6c6c6\"><img decoding=\"async\" class=\"aligncenter size-full wp-image-1029\" src=\"\/wp-content\/uploads\/2014\/06\/8.png\" alt=\"8\" width=\"30\" height=\"30\" \/><\/td>\n<td bgcolor=\"#c6c6c6\">Fresh air inlet<\/td>\n<\/tr>\n<tr>\n<td bgcolor=\"#c6c6c6\"><img decoding=\"async\" class=\"aligncenter size-full wp-image-1029\" src=\"\/wp-content\/uploads\/2014\/06\/9.png\" alt=\"9\" width=\"30\" height=\"30\" \/><\/td>\n<td bgcolor=\"#c6c6c6\">Fresh air outlet<\/td>\n<td bgcolor=\"#c6c6c6\"><img decoding=\"async\" class=\"aligncenter size-full wp-image-1029\" src=\"\/wp-content\/uploads\/2014\/06\/10.png\" alt=\"10\" width=\"30\" height=\"30\" \/><\/td>\n<td bgcolor=\"#c6c6c6\">Combustion unit<\/td>\n<td bgcolor=\"#c6c6c6\"><img decoding=\"async\" class=\"aligncenter size-full wp-image-1029\" src=\"\/wp-content\/uploads\/2014\/06\/11.png\" alt=\"11\" width=\"30\" height=\"30\" \/><\/td>\n<td bgcolor=\"#c6c6c6\">Boiler fuel feed system<\/td>\n<td bgcolor=\"#c6c6c6\"><img decoding=\"async\" class=\"aligncenter size-full wp-image-1029\" src=\"\/wp-content\/uploads\/2014\/06\/12.png\" alt=\"12\" width=\"30\" height=\"30\" \/><\/td>\n<td bgcolor=\"#c6c6c6\">Fresh air pre-heating<\/td>\n<\/tr>\n<\/tbody>\n<\/table>\n<h4>Potential Savings<\/h4>\n<p>When harvesting corn the corn cops are separated from the corn. The corn is then processed whereas the corn cops and straw are not used and often remain in the fields. With a BINDER boiler in combination with a BINDER Air Heat Exchanger this waste material becomes valuable fuel . In the majority of cases the energy required for drying the corn is available through the otherwise wasted corn cops. Therefore no additional drying costs arise when exclusively using the available corn cops. The corn field is producing fuel as a side effect.<\/p>\n<p>If you have any questions regarding the Air Heat Exchanger and its potential savings, please do not hesitate to contact us<\/p>\n","protected":false},"excerpt":{"rendered":"<p>To make corn, pumpkin seeds and other grain storable it requires drying. As drying is very energy consuming, oil and gas consumption is quite substantial as well. Biomass forms an economical and ecological alternative here as well. Advantages Optimized for [&hellip;]<\/p>\n","protected":false},"author":1,"featured_media":0,"parent":1802,"menu_order":0,"comment_status":"closed","ping_status":"closed","template":"","meta":{"footnotes":""},"class_list":["post-1844","page","type-page","status-publish","hentry"],"yoast_head":"<!-- This site is optimized with the Yoast SEO plugin v26.9 - https:\/\/yoast.com\/product\/yoast-seo-wordpress\/ -->\n<title>Air heat exchanger - BINDER Energietechnik GmbH<\/title>\n<meta name=\"robots\" content=\"index, follow, max-snippet:-1, max-image-preview:large, max-video-preview:-1\" \/>\n<link rel=\"canonical\" href=\"https:\/\/www.binder-gmbh.at\/en\/competence-in-technology\/air-heat-exchanger\/\" \/>\n<meta property=\"og:locale\" content=\"en_US\" \/>\n<meta property=\"og:type\" content=\"article\" \/>\n<meta property=\"og:title\" content=\"Air heat exchanger - BINDER Energietechnik GmbH\" \/>\n<meta property=\"og:description\" content=\"To make corn, pumpkin seeds and other grain storable it requires drying. As drying is very energy consuming, oil and gas consumption is quite substantial as well. Biomass forms an economical and ecological alternative here as well. Advantages Optimized for [&hellip;]\" \/>\n<meta property=\"og:url\" content=\"https:\/\/www.binder-gmbh.at\/en\/competence-in-technology\/air-heat-exchanger\/\" \/>\n<meta property=\"og:site_name\" content=\"BINDER Energietechnik GmbH\" \/>\n<meta property=\"article:publisher\" content=\"https:\/\/www.facebook.com\/binderenergietechnik\" \/>\n<meta property=\"article:modified_time\" content=\"2015-12-18T09:34:55+00:00\" \/>\n<meta name=\"twitter:label1\" content=\"Est. reading time\" \/>\n\t<meta name=\"twitter:data1\" content=\"3 minutes\" \/>\n<script type=\"application\/ld+json\" class=\"yoast-schema-graph\">{\"@context\":\"https:\/\/schema.org\",\"@graph\":[{\"@type\":\"WebPage\",\"@id\":\"https:\/\/www.binder-gmbh.at\/en\/competence-in-technology\/air-heat-exchanger\/\",\"url\":\"https:\/\/www.binder-gmbh.at\/en\/competence-in-technology\/air-heat-exchanger\/\",\"name\":\"Air heat exchanger - BINDER Energietechnik GmbH\",\"isPartOf\":{\"@id\":\"https:\/\/www.binder-gmbh.at\/en\/#website\"},\"datePublished\":\"2014-06-17T17:53:43+00:00\",\"dateModified\":\"2015-12-18T09:34:55+00:00\",\"breadcrumb\":{\"@id\":\"https:\/\/www.binder-gmbh.at\/en\/competence-in-technology\/air-heat-exchanger\/#breadcrumb\"},\"inLanguage\":\"en-US\",\"potentialAction\":[{\"@type\":\"ReadAction\",\"target\":[\"https:\/\/www.binder-gmbh.at\/en\/competence-in-technology\/air-heat-exchanger\/\"]}]},{\"@type\":\"BreadcrumbList\",\"@id\":\"https:\/\/www.binder-gmbh.at\/en\/competence-in-technology\/air-heat-exchanger\/#breadcrumb\",\"itemListElement\":[{\"@type\":\"ListItem\",\"position\":1,\"name\":\"Home\",\"item\":\"https:\/\/www.binder-gmbh.at\/en\/\"},{\"@type\":\"ListItem\",\"position\":2,\"name\":\"Competence in Technology\",\"item\":\"https:\/\/www.binder-gmbh.at\/en\/competence-in-technology\/\"},{\"@type\":\"ListItem\",\"position\":3,\"name\":\"Air heat exchanger\"}]},{\"@type\":\"WebSite\",\"@id\":\"https:\/\/www.binder-gmbh.at\/en\/#website\",\"url\":\"https:\/\/www.binder-gmbh.at\/en\/\",\"name\":\"BINDER Energietechnik GmbH\",\"description\":\"BINDER Energietechnik GmbH, Industrie Biomassefeuerungsanlagen, Warmwasser, Hei\u00dfwasser, Sattdampf, Luftw\u00e4rmtauscher, Komplettanbieter f\u00fcr erneuerbare Energiel\u00f6sungen\",\"potentialAction\":[{\"@type\":\"SearchAction\",\"target\":{\"@type\":\"EntryPoint\",\"urlTemplate\":\"https:\/\/www.binder-gmbh.at\/en\/?s={search_term_string}\"},\"query-input\":{\"@type\":\"PropertyValueSpecification\",\"valueRequired\":true,\"valueName\":\"search_term_string\"}}],\"inLanguage\":\"en-US\"}]}<\/script>\n<!-- \/ Yoast SEO plugin. -->","yoast_head_json":{"title":"Air heat exchanger - BINDER Energietechnik GmbH","robots":{"index":"index","follow":"follow","max-snippet":"max-snippet:-1","max-image-preview":"max-image-preview:large","max-video-preview":"max-video-preview:-1"},"canonical":"https:\/\/www.binder-gmbh.at\/en\/competence-in-technology\/air-heat-exchanger\/","og_locale":"en_US","og_type":"article","og_title":"Air heat exchanger - BINDER Energietechnik GmbH","og_description":"To make corn, pumpkin seeds and other grain storable it requires drying. As drying is very energy consuming, oil and gas consumption is quite substantial as well. Biomass forms an economical and ecological alternative here as well. Advantages Optimized for [&hellip;]","og_url":"https:\/\/www.binder-gmbh.at\/en\/competence-in-technology\/air-heat-exchanger\/","og_site_name":"BINDER Energietechnik GmbH","article_publisher":"https:\/\/www.facebook.com\/binderenergietechnik","article_modified_time":"2015-12-18T09:34:55+00:00","twitter_misc":{"Est. reading time":"3 minutes"},"schema":{"@context":"https:\/\/schema.org","@graph":[{"@type":"WebPage","@id":"https:\/\/www.binder-gmbh.at\/en\/competence-in-technology\/air-heat-exchanger\/","url":"https:\/\/www.binder-gmbh.at\/en\/competence-in-technology\/air-heat-exchanger\/","name":"Air heat exchanger - BINDER Energietechnik GmbH","isPartOf":{"@id":"https:\/\/www.binder-gmbh.at\/en\/#website"},"datePublished":"2014-06-17T17:53:43+00:00","dateModified":"2015-12-18T09:34:55+00:00","breadcrumb":{"@id":"https:\/\/www.binder-gmbh.at\/en\/competence-in-technology\/air-heat-exchanger\/#breadcrumb"},"inLanguage":"en-US","potentialAction":[{"@type":"ReadAction","target":["https:\/\/www.binder-gmbh.at\/en\/competence-in-technology\/air-heat-exchanger\/"]}]},{"@type":"BreadcrumbList","@id":"https:\/\/www.binder-gmbh.at\/en\/competence-in-technology\/air-heat-exchanger\/#breadcrumb","itemListElement":[{"@type":"ListItem","position":1,"name":"Home","item":"https:\/\/www.binder-gmbh.at\/en\/"},{"@type":"ListItem","position":2,"name":"Competence in Technology","item":"https:\/\/www.binder-gmbh.at\/en\/competence-in-technology\/"},{"@type":"ListItem","position":3,"name":"Air heat exchanger"}]},{"@type":"WebSite","@id":"https:\/\/www.binder-gmbh.at\/en\/#website","url":"https:\/\/www.binder-gmbh.at\/en\/","name":"BINDER Energietechnik GmbH","description":"BINDER Energietechnik GmbH, Industrie Biomassefeuerungsanlagen, Warmwasser, Hei\u00dfwasser, Sattdampf, Luftw\u00e4rmtauscher, Komplettanbieter f\u00fcr erneuerbare Energiel\u00f6sungen","potentialAction":[{"@type":"SearchAction","target":{"@type":"EntryPoint","urlTemplate":"https:\/\/www.binder-gmbh.at\/en\/?s={search_term_string}"},"query-input":{"@type":"PropertyValueSpecification","valueRequired":true,"valueName":"search_term_string"}}],"inLanguage":"en-US"}]}},"_links":{"self":[{"href":"https:\/\/www.binder-gmbh.at\/en\/wp-json\/wp\/v2\/pages\/1844","targetHints":{"allow":["GET"]}}],"collection":[{"href":"https:\/\/www.binder-gmbh.at\/en\/wp-json\/wp\/v2\/pages"}],"about":[{"href":"https:\/\/www.binder-gmbh.at\/en\/wp-json\/wp\/v2\/types\/page"}],"author":[{"embeddable":true,"href":"https:\/\/www.binder-gmbh.at\/en\/wp-json\/wp\/v2\/users\/1"}],"replies":[{"embeddable":true,"href":"https:\/\/www.binder-gmbh.at\/en\/wp-json\/wp\/v2\/comments?post=1844"}],"version-history":[{"count":1,"href":"https:\/\/www.binder-gmbh.at\/en\/wp-json\/wp\/v2\/pages\/1844\/revisions"}],"predecessor-version":[{"id":2944,"href":"https:\/\/www.binder-gmbh.at\/en\/wp-json\/wp\/v2\/pages\/1844\/revisions\/2944"}],"up":[{"embeddable":true,"href":"https:\/\/www.binder-gmbh.at\/en\/wp-json\/wp\/v2\/pages\/1802"}],"wp:attachment":[{"href":"https:\/\/www.binder-gmbh.at\/en\/wp-json\/wp\/v2\/media?parent=1844"}],"curies":[{"name":"wp","href":"https:\/\/api.w.org\/{rel}","templated":true}]}}