{"id":1836,"date":"2014-06-05T15:27:47","date_gmt":"2014-06-05T13:27:47","guid":{"rendered":"https:\/\/www.binder-gmbh.at\/combustion-systems\/"},"modified":"2016-12-23T12:50:58","modified_gmt":"2016-12-23T11:50:58","slug":"combustion-systems","status":"publish","type":"page","link":"https:\/\/www.binder-gmbh.at\/en\/competence-in-technology\/combustion-systems\/","title":{"rendered":"Combustion Systems"},"content":{"rendered":"<div class=\"fusion-fullwidth fullwidth-box fusion-builder-row-1 hundred-percent-fullwidth non-hundred-percent-height-scrolling\" style=\"background-color: #ffffff;background-position: center center;background-repeat: no-repeat;padding-top:0px;padding-right:0px;padding-bottom:0px;padding-left:0px;margin-bottom: 0px;margin-top: 0px;border-width: 0px 0px 0px 0px;border-color:#eae9e9;border-style:solid;\" ><div class=\"fusion-builder-row fusion-row\"><div class=\"fusion-layout-column fusion_builder_column fusion-builder-column-0 fusion_builder_column_1_1 1_1 fusion-one-full fusion-column-first fusion-column-last fusion-column-no-min-height\" style=\"margin-top:0px;margin-bottom:0px;\"><div class=\"fusion-column-wrapper fusion-flex-column-wrapper-legacy\" style=\"background-position:left top;background-repeat:no-repeat;-webkit-background-size:cover;-moz-background-size:cover;-o-background-size:cover;background-size:cover;padding: 0px 0px 0px 0px;\"><style type=\"text\/css\"><\/style><div class=\"fusion-title title fusion-title-1 fusion-sep-none fusion-title-text fusion-title-size-one\" style=\"margin-top:0px;margin-right:0px;margin-bottom:31px;margin-left:0px;\"><h1 class=\"title-heading-left fusion-responsive-typography-calculated\" style=\"margin:0;--fontSize:34;line-height:1.5;\"><p style=\"color: #cc0000;\">Combustion Systems<\/p><\/h1><\/div><div class=\"fusion-text fusion-text-1\"><p>BINDER offers different types of combustion systems depending on available fuel. Every single combustion system is designed to use a specific type of fuel, below an overview of the various systems:<br \/>\n(Note: All comments for water- and ash content according to \u00d6NORM EN:14961-1)<\/p>\n<\/div><div class=\"fusion-clearfix\"><\/div><\/div><\/div><div class=\"fusion-layout-column fusion_builder_column fusion-builder-column-1 fusion_builder_column_1_1 1_1 fusion-one-full fusion-column-first fusion-column-last fusion-column-no-min-height\" style=\"margin-top:0px;margin-bottom:0px;\"><div class=\"fusion-column-wrapper fusion-flex-column-wrapper-legacy\" style=\"background-position:left top;background-repeat:no-repeat;-webkit-background-size:cover;-moz-background-size:cover;-o-background-size:cover;background-size:cover;padding: 0px 0px 0px 0px;\"><style type=\"text\/css\"><\/style><div class=\"fusion-title title fusion-title-2 fusion-sep-none fusion-title-text fusion-title-size-three\" style=\"margin-top:30px;margin-right:0px;margin-bottom:31px;margin-left:0px;\"><h3 class=\"title-heading-left fusion-responsive-typography-calculated\" style=\"margin:0;--fontSize:24;line-height:1.67;\"><p style=\"color: #cc0000;\">Underfed Hearth Combustion Unit RRF<\/p><\/h3><\/div><div class=\"fusion-clearfix\"><\/div><\/div><\/div><div class=\"fusion-layout-column fusion_builder_column fusion-builder-column-2 fusion_builder_column_3_4 3_4 fusion-three-fourth fusion-column-first\" style=\"width:74%; margin-right: 4%;margin-top:0px;margin-bottom:20px;\"><div class=\"fusion-column-wrapper fusion-flex-column-wrapper-legacy\" style=\"background-position:left top;background-repeat:no-repeat;-webkit-background-size:cover;-moz-background-size:cover;-o-background-size:cover;background-size:cover;padding: 0px 0px 0px 0px;\"><div class=\"fusion-text fusion-text-2\"><p>Combustion with hearth and rear grate section with hinged cast steel elements. Integrated ash trays and optional de-ashing with auger. Completely refractory lined and stochiometrically designed primary and secondary combustion air zones.<\/p>\n<div class=\"fusion-table table-0\" style=\"background-color: #f6f3f3; padding-right: 10px;\">\n<table width=\"100%\">\n<tbody>\n<tr>\n<td style=\"border-bottom: solid #ffffff;\"><strong>max. fuel water content<\/strong><\/td>\n<td style=\"border-bottom: solid #ffffff;\">up to M30<\/td>\n<\/tr>\n<tr>\n<td style=\"border-bottom: solid #ffffff;\"><strong>max. fuel ash content<\/strong><\/td>\n<td style=\"border-bottom: solid #ffffff;\">\u2264 1,5%<\/td>\n<\/tr>\n<tr>\n<td style=\"border-bottom: solid #ffffff;\"><strong>Typical application<\/strong><\/td>\n<td style=\"border-bottom: solid #ffffff;\">Industrial, public and commercial boilers<\/td>\n<\/tr>\n<tr>\n<td><strong>Available<\/strong><\/td>\n<td>from 100 kW Nominal capacity<\/td>\n<\/tr>\n<\/tbody>\n<\/table>\n<\/div>\n<\/div><div class=\"fusion-clearfix\"><\/div><\/div><\/div><div class=\"fusion-layout-column fusion_builder_column fusion-builder-column-3 fusion_builder_column_1_4 1_4 fusion-one-fourth fusion-column-last\" style=\"width:22%;margin-top:0px;margin-bottom:20px;\"><div class=\"fusion-column-wrapper fusion-flex-column-wrapper-legacy\" style=\"background-position:left top;background-repeat:no-repeat;-webkit-background-size:cover;-moz-background-size:cover;-o-background-size:cover;background-size:cover;padding: 0px 0px 0px 0px;\"><span class=\" fusion-imageframe imageframe-none imageframe-1 hover-type-none\"><a href=\"https:\/\/www.binder-gmbh.at\/wp-content\/uploads\/2016\/12\/rrf_400-600_3d.jpg\" class=\"fusion-lightbox\" data-rel=\"iLightbox[589cb2b67175bb82190]\" data-title=\"rrf_400-600_3d\" title=\"rrf_400-600_3d\"><img decoding=\"async\" width=\"500\" height=\"650\" src=\"https:\/\/www.binder-gmbh.at\/wp-content\/uploads\/2016\/12\/rrf_400-600_3d.jpg\" alt class=\"img-responsive wp-image-3546\" srcset=\"https:\/\/www.binder-gmbh.at\/wp-content\/uploads\/2016\/12\/rrf_400-600_3d-200x260.jpg 200w, https:\/\/www.binder-gmbh.at\/wp-content\/uploads\/2016\/12\/rrf_400-600_3d-400x520.jpg 400w, https:\/\/www.binder-gmbh.at\/wp-content\/uploads\/2016\/12\/rrf_400-600_3d.jpg 500w\" sizes=\"(max-width: 820px) 100vw, 400px\" \/><\/a><\/span><div class=\"fusion-clearfix\"><\/div><\/div><\/div><div class=\"fusion-layout-column fusion_builder_column fusion-builder-column-4 fusion_builder_column_1_1 1_1 fusion-one-full fusion-column-first fusion-column-last fusion-column-no-min-height\" style=\"margin-top:0px;margin-bottom:0px;\"><div class=\"fusion-column-wrapper fusion-flex-column-wrapper-legacy\" style=\"background-position:left top;background-repeat:no-repeat;-webkit-background-size:cover;-moz-background-size:cover;-o-background-size:cover;background-size:cover;padding: 0px 0px 0px 0px;\"><style type=\"text\/css\"><\/style><div class=\"fusion-title title fusion-title-3 fusion-sep-none fusion-title-text fusion-title-size-three\" style=\"margin-top:30px;margin-right:0px;margin-bottom:31px;margin-left:0px;\"><h3 class=\"title-heading-left fusion-responsive-typography-calculated\" style=\"margin:0;--fontSize:24;line-height:1.67;\"><p style=\"color: #cc0000;\">Moving Grate Combustion Unit for Dry Fuels TSRF<\/p><\/h3><\/div><div class=\"fusion-clearfix\"><\/div><\/div><\/div><div class=\"fusion-layout-column fusion_builder_column fusion-builder-column-5 fusion_builder_column_3_4 3_4 fusion-three-fourth fusion-column-first\" style=\"width:74%; margin-right: 4%;margin-top:0px;margin-bottom:20px;\"><div class=\"fusion-column-wrapper fusion-flex-column-wrapper-legacy\" style=\"background-position:left top;background-repeat:no-repeat;-webkit-background-size:cover;-moz-background-size:cover;-o-background-size:cover;background-size:cover;padding: 0px 0px 0px 0px;\"><div class=\"fusion-text fusion-text-3\"><p>Combustion with hydraulically or electro-mechanically operated grate, for combustion of dry fuels with high ash content. Fully automatic de-ashing of the combustion unit with ash scraper below grate and ash auger. Completely refractory lined combustion chamber. Stochiometrically designed primary and secondary combustion air zones. Alternatively with auger or hydraulic infeed.<\/p>\n<div class=\"fusion-table table-0\" style=\"background-color: #f6f3f3; padding-right: 10px;\">\n<table width=\"100%\">\n<tbody>\n<tr>\n<td style=\"border-bottom: solid #ffffff;\"><strong>max. fuel water content<\/strong><\/td>\n<td style=\"border-bottom: solid #ffffff;\">M40 (more than M50 with preheater Luvo)<\/td>\n<\/tr>\n<tr>\n<td style=\"border-bottom: solid #ffffff;\"><strong>max. fuel ash content<\/strong><\/td>\n<td style=\"border-bottom: solid #ffffff;\">\u2264 7%<\/td>\n<\/tr>\n<tr>\n<td style=\"border-bottom: solid #ffffff;\"><strong>Typical application<\/strong><\/td>\n<td style=\"border-bottom: solid #ffffff;\">Combustion units for Industry, district and local heating etc.<\/td>\n<\/tr>\n<tr>\n<td><strong>Available<\/strong><\/td>\n<td>from 150 kW nominal capacity<\/td>\n<\/tr>\n<\/tbody>\n<\/table>\n<\/div>\n<\/div><div class=\"fusion-clearfix\"><\/div><\/div><\/div><div class=\"fusion-layout-column fusion_builder_column fusion-builder-column-6 fusion_builder_column_1_4 1_4 fusion-one-fourth fusion-column-last\" style=\"width:22%;margin-top:0px;margin-bottom:20px;\"><div class=\"fusion-column-wrapper fusion-flex-column-wrapper-legacy\" style=\"background-position:left top;background-repeat:no-repeat;-webkit-background-size:cover;-moz-background-size:cover;-o-background-size:cover;background-size:cover;padding: 0px 0px 0px 0px;\"><span class=\" fusion-imageframe imageframe-none imageframe-2 hover-type-none\"><a href=\"https:\/\/www.binder-gmbh.at\/wp-content\/uploads\/2016\/12\/tsrf_3d.jpg\" class=\"fusion-lightbox\" data-rel=\"iLightbox[3c9464425fc61456182]\" data-title=\"tsrf_3d\" title=\"tsrf_3d\"><img decoding=\"async\" width=\"500\" height=\"650\" src=\"https:\/\/www.binder-gmbh.at\/wp-content\/uploads\/2016\/12\/tsrf_3d.jpg\" alt class=\"img-responsive wp-image-3549\" srcset=\"https:\/\/www.binder-gmbh.at\/wp-content\/uploads\/2016\/12\/tsrf_3d-200x260.jpg 200w, https:\/\/www.binder-gmbh.at\/wp-content\/uploads\/2016\/12\/tsrf_3d-400x520.jpg 400w, https:\/\/www.binder-gmbh.at\/wp-content\/uploads\/2016\/12\/tsrf_3d.jpg 500w\" sizes=\"(max-width: 820px) 100vw, 400px\" \/><\/a><\/span><div class=\"fusion-clearfix\"><\/div><\/div><\/div><div class=\"fusion-layout-column fusion_builder_column fusion-builder-column-7 fusion_builder_column_1_1 1_1 fusion-one-full fusion-column-first fusion-column-last fusion-column-no-min-height\" style=\"margin-top:0px;margin-bottom:0px;\"><div class=\"fusion-column-wrapper fusion-flex-column-wrapper-legacy\" style=\"background-position:left top;background-repeat:no-repeat;-webkit-background-size:cover;-moz-background-size:cover;-o-background-size:cover;background-size:cover;padding: 0px 0px 0px 0px;\"><style type=\"text\/css\"><\/style><div class=\"fusion-title title fusion-title-4 fusion-sep-none fusion-title-text fusion-title-size-three\" style=\"margin-top:30px;margin-right:0px;margin-bottom:31px;margin-left:0px;\"><h3 class=\"title-heading-left fusion-responsive-typography-calculated\" style=\"margin:0;--fontSize:24;line-height:1.67;\"><p style=\"color: #cc0000;\">Moving Grate Combustion Unit SRF<\/p><\/h3><\/div><div class=\"fusion-clearfix\"><\/div><\/div><\/div><div class=\"fusion-layout-column fusion_builder_column fusion-builder-column-8 fusion_builder_column_3_4 3_4 fusion-three-fourth fusion-column-first\" style=\"width:74%; margin-right: 4%;margin-top:0px;margin-bottom:20px;\"><div class=\"fusion-column-wrapper fusion-flex-column-wrapper-legacy\" style=\"background-position:left top;background-repeat:no-repeat;-webkit-background-size:cover;-moz-background-size:cover;-o-background-size:cover;background-size:cover;padding: 0px 0px 0px 0px;\"><div class=\"fusion-text fusion-text-4\"><p>Combustion unit with hydraulically or electro-mechanically operated grate, for combustion of wet materials with high ash content. Fully automatic de-ashing of the combustion unit with ash scraper below grate and ash auger. Completely refractory lined and Stochiometrically designed primary and secondary combustion air zones. Alternatively with auger or hydraulic infeed.<\/p>\n<div class=\"fusion-table table-0\" style=\"background-color: #f6f3f3; padding-right: 10px;\">\n<table width=\"100%\">\n<tbody>\n<tr>\n<td style=\"border-bottom: solid #ffffff;\"><strong>max. fuel water content<\/strong><\/td>\n<td style=\"border-bottom: solid #ffffff;\">M50 (more than M60 with preheater Luvo)<\/td>\n<\/tr>\n<tr>\n<td style=\"border-bottom: solid #ffffff;\"><strong>max. fuel ash content<\/strong><\/td>\n<td style=\"border-bottom: solid #ffffff;\">\u2264 7%<\/td>\n<\/tr>\n<tr>\n<td style=\"border-bottom: solid #ffffff;\"><strong>Typical application<\/strong><\/td>\n<td style=\"border-bottom: solid #ffffff;\">Combustion units for Industry, district and local heating<\/td>\n<\/tr>\n<tr>\n<td><strong>Available<\/strong><\/td>\n<td>from 150 kW nominal capacity<\/td>\n<\/tr>\n<\/tbody>\n<\/table>\n<\/div>\n<\/div><div class=\"fusion-clearfix\"><\/div><\/div><\/div><div class=\"fusion-layout-column fusion_builder_column fusion-builder-column-9 fusion_builder_column_1_4 1_4 fusion-one-fourth fusion-column-last\" style=\"width:22%;margin-top:0px;margin-bottom:20px;\"><div class=\"fusion-column-wrapper fusion-flex-column-wrapper-legacy\" style=\"background-position:left top;background-repeat:no-repeat;-webkit-background-size:cover;-moz-background-size:cover;-o-background-size:cover;background-size:cover;padding: 0px 0px 0px 0px;\"><span class=\" fusion-imageframe imageframe-none imageframe-3 hover-type-none\"><a href=\"https:\/\/www.binder-gmbh.at\/wp-content\/uploads\/2016\/12\/srf_3d.jpg\" class=\"fusion-lightbox\" data-rel=\"iLightbox[965597fe660523f2666]\" data-title=\"srf_3d\" title=\"srf_3d\"><img decoding=\"async\" width=\"500\" height=\"650\" src=\"https:\/\/www.binder-gmbh.at\/wp-content\/uploads\/2016\/12\/srf_3d.jpg\" alt class=\"img-responsive wp-image-3552\" srcset=\"https:\/\/www.binder-gmbh.at\/wp-content\/uploads\/2016\/12\/srf_3d-200x260.jpg 200w, https:\/\/www.binder-gmbh.at\/wp-content\/uploads\/2016\/12\/srf_3d-400x520.jpg 400w, https:\/\/www.binder-gmbh.at\/wp-content\/uploads\/2016\/12\/srf_3d.jpg 500w\" sizes=\"(max-width: 820px) 100vw, 400px\" \/><\/a><\/span><div class=\"fusion-clearfix\"><\/div><\/div><\/div><\/div><style type=\"text\/css\">.fusion-fullwidth.fusion-builder-row-1 { overflow:visible; }<\/style><\/div>\n","protected":false},"excerpt":{"rendered":"","protected":false},"author":1,"featured_media":0,"parent":1802,"menu_order":0,"comment_status":"closed","ping_status":"closed","template":"","meta":{"footnotes":""},"class_list":["post-1836","page","type-page","status-publish","hentry"],"yoast_head":"<!-- This site is optimized with the Yoast SEO plugin v26.9 - https:\/\/yoast.com\/product\/yoast-seo-wordpress\/ -->\n<title>Combustion Systems - BINDER Energietechnik GmbH<\/title>\n<meta name=\"description\" content=\"Overview with all available Combustion Systems for different Fuels.\" \/>\n<meta name=\"robots\" content=\"index, follow, max-snippet:-1, max-image-preview:large, max-video-preview:-1\" \/>\n<link rel=\"canonical\" href=\"https:\/\/www.binder-gmbh.at\/en\/competence-in-technology\/combustion-systems\/\" \/>\n<meta property=\"og:locale\" content=\"en_US\" \/>\n<meta property=\"og:type\" content=\"article\" \/>\n<meta property=\"og:title\" content=\"Combustion Systems - BINDER Energietechnik GmbH\" \/>\n<meta property=\"og:description\" content=\"Overview with all available Combustion Systems for different Fuels.\" \/>\n<meta property=\"og:url\" content=\"https:\/\/www.binder-gmbh.at\/en\/competence-in-technology\/combustion-systems\/\" \/>\n<meta property=\"og:site_name\" content=\"BINDER Energietechnik GmbH\" \/>\n<meta property=\"article:publisher\" content=\"https:\/\/www.facebook.com\/binderenergietechnik\" \/>\n<meta property=\"article:modified_time\" content=\"2016-12-23T11:50:58+00:00\" \/>\n<meta property=\"og:image\" content=\"https:\/\/www.binder-gmbh.at\/wp-content\/uploads\/2016\/12\/rrf_400-600_3d.jpg\" \/>\n<meta name=\"twitter:label1\" content=\"Est. reading time\" \/>\n\t<meta name=\"twitter:data1\" content=\"6 minutes\" \/>\n<script type=\"application\/ld+json\" class=\"yoast-schema-graph\">{\"@context\":\"https:\/\/schema.org\",\"@graph\":[{\"@type\":\"WebPage\",\"@id\":\"https:\/\/www.binder-gmbh.at\/en\/competence-in-technology\/combustion-systems\/\",\"url\":\"https:\/\/www.binder-gmbh.at\/en\/competence-in-technology\/combustion-systems\/\",\"name\":\"Combustion Systems - BINDER Energietechnik GmbH\",\"isPartOf\":{\"@id\":\"https:\/\/www.binder-gmbh.at\/en\/#website\"},\"primaryImageOfPage\":{\"@id\":\"https:\/\/www.binder-gmbh.at\/en\/competence-in-technology\/combustion-systems\/#primaryimage\"},\"image\":{\"@id\":\"https:\/\/www.binder-gmbh.at\/en\/competence-in-technology\/combustion-systems\/#primaryimage\"},\"thumbnailUrl\":\"https:\/\/www.binder-gmbh.at\/wp-content\/uploads\/2016\/12\/rrf_400-600_3d.jpg\",\"datePublished\":\"2014-06-05T13:27:47+00:00\",\"dateModified\":\"2016-12-23T11:50:58+00:00\",\"description\":\"Overview with all available Combustion Systems for different Fuels.\",\"breadcrumb\":{\"@id\":\"https:\/\/www.binder-gmbh.at\/en\/competence-in-technology\/combustion-systems\/#breadcrumb\"},\"inLanguage\":\"en-US\",\"potentialAction\":[{\"@type\":\"ReadAction\",\"target\":[\"https:\/\/www.binder-gmbh.at\/en\/competence-in-technology\/combustion-systems\/\"]}]},{\"@type\":\"ImageObject\",\"inLanguage\":\"en-US\",\"@id\":\"https:\/\/www.binder-gmbh.at\/en\/competence-in-technology\/combustion-systems\/#primaryimage\",\"url\":\"https:\/\/www.binder-gmbh.at\/wp-content\/uploads\/2016\/12\/rrf_400-600_3d.jpg\",\"contentUrl\":\"https:\/\/www.binder-gmbh.at\/wp-content\/uploads\/2016\/12\/rrf_400-600_3d.jpg\"},{\"@type\":\"BreadcrumbList\",\"@id\":\"https:\/\/www.binder-gmbh.at\/en\/competence-in-technology\/combustion-systems\/#breadcrumb\",\"itemListElement\":[{\"@type\":\"ListItem\",\"position\":1,\"name\":\"Home\",\"item\":\"https:\/\/www.binder-gmbh.at\/en\/\"},{\"@type\":\"ListItem\",\"position\":2,\"name\":\"Competence in Technology\",\"item\":\"https:\/\/www.binder-gmbh.at\/en\/competence-in-technology\/\"},{\"@type\":\"ListItem\",\"position\":3,\"name\":\"Combustion Systems\"}]},{\"@type\":\"WebSite\",\"@id\":\"https:\/\/www.binder-gmbh.at\/en\/#website\",\"url\":\"https:\/\/www.binder-gmbh.at\/en\/\",\"name\":\"BINDER Energietechnik GmbH\",\"description\":\"BINDER Energietechnik GmbH, Industrie Biomassefeuerungsanlagen, Warmwasser, Hei\u00dfwasser, Sattdampf, Luftw\u00e4rmtauscher, Komplettanbieter f\u00fcr erneuerbare Energiel\u00f6sungen\",\"potentialAction\":[{\"@type\":\"SearchAction\",\"target\":{\"@type\":\"EntryPoint\",\"urlTemplate\":\"https:\/\/www.binder-gmbh.at\/en\/?s={search_term_string}\"},\"query-input\":{\"@type\":\"PropertyValueSpecification\",\"valueRequired\":true,\"valueName\":\"search_term_string\"}}],\"inLanguage\":\"en-US\"}]}<\/script>\n<!-- \/ Yoast SEO plugin. -->","yoast_head_json":{"title":"Combustion Systems - BINDER Energietechnik GmbH","description":"Overview with all available Combustion Systems for different Fuels.","robots":{"index":"index","follow":"follow","max-snippet":"max-snippet:-1","max-image-preview":"max-image-preview:large","max-video-preview":"max-video-preview:-1"},"canonical":"https:\/\/www.binder-gmbh.at\/en\/competence-in-technology\/combustion-systems\/","og_locale":"en_US","og_type":"article","og_title":"Combustion Systems - BINDER Energietechnik GmbH","og_description":"Overview with all available Combustion Systems for different Fuels.","og_url":"https:\/\/www.binder-gmbh.at\/en\/competence-in-technology\/combustion-systems\/","og_site_name":"BINDER Energietechnik GmbH","article_publisher":"https:\/\/www.facebook.com\/binderenergietechnik","article_modified_time":"2016-12-23T11:50:58+00:00","og_image":[{"url":"https:\/\/www.binder-gmbh.at\/wp-content\/uploads\/2016\/12\/rrf_400-600_3d.jpg","type":"","width":"","height":""}],"twitter_misc":{"Est. reading time":"6 minutes"},"schema":{"@context":"https:\/\/schema.org","@graph":[{"@type":"WebPage","@id":"https:\/\/www.binder-gmbh.at\/en\/competence-in-technology\/combustion-systems\/","url":"https:\/\/www.binder-gmbh.at\/en\/competence-in-technology\/combustion-systems\/","name":"Combustion Systems - BINDER Energietechnik GmbH","isPartOf":{"@id":"https:\/\/www.binder-gmbh.at\/en\/#website"},"primaryImageOfPage":{"@id":"https:\/\/www.binder-gmbh.at\/en\/competence-in-technology\/combustion-systems\/#primaryimage"},"image":{"@id":"https:\/\/www.binder-gmbh.at\/en\/competence-in-technology\/combustion-systems\/#primaryimage"},"thumbnailUrl":"https:\/\/www.binder-gmbh.at\/wp-content\/uploads\/2016\/12\/rrf_400-600_3d.jpg","datePublished":"2014-06-05T13:27:47+00:00","dateModified":"2016-12-23T11:50:58+00:00","description":"Overview with all available Combustion Systems for different Fuels.","breadcrumb":{"@id":"https:\/\/www.binder-gmbh.at\/en\/competence-in-technology\/combustion-systems\/#breadcrumb"},"inLanguage":"en-US","potentialAction":[{"@type":"ReadAction","target":["https:\/\/www.binder-gmbh.at\/en\/competence-in-technology\/combustion-systems\/"]}]},{"@type":"ImageObject","inLanguage":"en-US","@id":"https:\/\/www.binder-gmbh.at\/en\/competence-in-technology\/combustion-systems\/#primaryimage","url":"https:\/\/www.binder-gmbh.at\/wp-content\/uploads\/2016\/12\/rrf_400-600_3d.jpg","contentUrl":"https:\/\/www.binder-gmbh.at\/wp-content\/uploads\/2016\/12\/rrf_400-600_3d.jpg"},{"@type":"BreadcrumbList","@id":"https:\/\/www.binder-gmbh.at\/en\/competence-in-technology\/combustion-systems\/#breadcrumb","itemListElement":[{"@type":"ListItem","position":1,"name":"Home","item":"https:\/\/www.binder-gmbh.at\/en\/"},{"@type":"ListItem","position":2,"name":"Competence in Technology","item":"https:\/\/www.binder-gmbh.at\/en\/competence-in-technology\/"},{"@type":"ListItem","position":3,"name":"Combustion Systems"}]},{"@type":"WebSite","@id":"https:\/\/www.binder-gmbh.at\/en\/#website","url":"https:\/\/www.binder-gmbh.at\/en\/","name":"BINDER Energietechnik GmbH","description":"BINDER Energietechnik GmbH, Industrie Biomassefeuerungsanlagen, Warmwasser, Hei\u00dfwasser, Sattdampf, Luftw\u00e4rmtauscher, Komplettanbieter f\u00fcr erneuerbare Energiel\u00f6sungen","potentialAction":[{"@type":"SearchAction","target":{"@type":"EntryPoint","urlTemplate":"https:\/\/www.binder-gmbh.at\/en\/?s={search_term_string}"},"query-input":{"@type":"PropertyValueSpecification","valueRequired":true,"valueName":"search_term_string"}}],"inLanguage":"en-US"}]}},"_links":{"self":[{"href":"https:\/\/www.binder-gmbh.at\/en\/wp-json\/wp\/v2\/pages\/1836","targetHints":{"allow":["GET"]}}],"collection":[{"href":"https:\/\/www.binder-gmbh.at\/en\/wp-json\/wp\/v2\/pages"}],"about":[{"href":"https:\/\/www.binder-gmbh.at\/en\/wp-json\/wp\/v2\/types\/page"}],"author":[{"embeddable":true,"href":"https:\/\/www.binder-gmbh.at\/en\/wp-json\/wp\/v2\/users\/1"}],"replies":[{"embeddable":true,"href":"https:\/\/www.binder-gmbh.at\/en\/wp-json\/wp\/v2\/comments?post=1836"}],"version-history":[{"count":1,"href":"https:\/\/www.binder-gmbh.at\/en\/wp-json\/wp\/v2\/pages\/1836\/revisions"}],"predecessor-version":[{"id":3789,"href":"https:\/\/www.binder-gmbh.at\/en\/wp-json\/wp\/v2\/pages\/1836\/revisions\/3789"}],"up":[{"embeddable":true,"href":"https:\/\/www.binder-gmbh.at\/en\/wp-json\/wp\/v2\/pages\/1802"}],"wp:attachment":[{"href":"https:\/\/www.binder-gmbh.at\/en\/wp-json\/wp\/v2\/media?parent=1836"}],"curies":[{"name":"wp","href":"https:\/\/api.w.org\/{rel}","templated":true}]}}