{"id":1830,"date":"2014-05-28T12:25:38","date_gmt":"2014-05-28T10:25:38","guid":{"rendered":"https:\/\/www.binder-gmbh.at\/service-request\/"},"modified":"2021-05-11T09:35:15","modified_gmt":"2021-05-11T08:35:15","slug":"servicerequest","status":"publish","type":"page","link":"https:\/\/www.binder-gmbh.at\/en\/competence-in-service\/servicerequest\/","title":{"rendered":"Service Request"},"content":{"rendered":"<div class=\"fusion-fullwidth fullwidth-box fusion-builder-row-1 hundred-percent-fullwidth non-hundred-percent-height-scrolling\" style=\"background-color: #ffffff;background-position: center center;background-repeat: no-repeat;padding-top:0px;padding-right:0px;padding-bottom:0px;padding-left:0px;margin-bottom: 0px;margin-top: 0px;border-width: 0px 0px 0px 0px;border-color:#eae9e9;border-style:solid;\" ><div class=\"fusion-builder-row fusion-row\"><div class=\"fusion-layout-column fusion_builder_column fusion-builder-column-0 fusion_builder_column_1_1 1_1 fusion-one-full fusion-column-first fusion-column-last fusion-column-no-min-height\" style=\"margin-top:0px;margin-bottom:0px;\"><div class=\"fusion-column-wrapper fusion-flex-column-wrapper-legacy\" style=\"background-position:left top;background-repeat:no-repeat;-webkit-background-size:cover;-moz-background-size:cover;-o-background-size:cover;background-size:cover;padding: 0px 0px 0px 0px;\"><style type=\"text\/css\"><\/style><div class=\"fusion-title title fusion-title-1 fusion-sep-none fusion-title-text fusion-title-size-one\" style=\"margin-top:0px;margin-right:0px;margin-bottom:31px;margin-left:0px;\"><h1 class=\"title-heading-left fusion-responsive-typography-calculated\" style=\"margin:0;--fontSize:34;line-height:1.5;\"><p style=\"color: #cc0000;\">Service Request<\/p><\/h1><\/div><div class=\"fusion-text fusion-text-1\"><p>Our service team is available for any questions regarding your BINDER product.<br \/>\nYou can reach us by phone at: <strong>+43 3142 22544<\/strong> at the following times:<\/p>\n<\/div><div class=\"fusion-text fusion-text-2\"><div class=\"table-3\">\n<table style=\"text-align: left; width: 100%;\" border=\"0\" cellspacing=\"0\" cellpadding=\"0\">\n<tbody>\n<tr style=\"background-color: #f6f3f3;\">\n<td style=\"border-bottom: solid #ffffff; border-width: 2px; vertical-align: middle; padding-left: 5px;\" colspan=\"2\" rowspan=\"2\">Monday to Thursday from 07:30 to 16:00<br \/>\nFriday from 07:30 to 13:00<\/td>\n<\/tr>\n<tr>\n<\/tr>\n<\/tbody>\n<\/table>\n<\/div>\n<\/div><div class=\"fusion-sep-clear\"><\/div><div class=\"fusion-separator fusion-full-width-sep\" style=\"margin-left: auto;margin-right: auto;margin-bottom:20px;width:100%;\"><\/div><div class=\"fusion-sep-clear\"><\/div>\n<div class=\"wpcf7 no-js\" id=\"wpcf7-f3000-o1\" lang=\"de-DE\" dir=\"ltr\" data-wpcf7-id=\"3000\">\n<div class=\"screen-reader-response\"><p role=\"status\" aria-live=\"polite\" aria-atomic=\"true\"><\/p> <ul><\/ul><\/div>\n<form action=\"\/en\/wp-json\/wp\/v2\/pages\/1830#wpcf7-f3000-o1\" method=\"post\" class=\"wpcf7-form init wpcf7-acceptance-as-validation\" aria-label=\"Kontaktformular\" novalidate=\"novalidate\" data-status=\"init\">\n<fieldset class=\"hidden-fields-container\"><input type=\"hidden\" name=\"_wpcf7\" value=\"3000\" \/><input type=\"hidden\" name=\"_wpcf7_version\" value=\"6.1.5\" \/><input type=\"hidden\" name=\"_wpcf7_locale\" value=\"de_DE\" \/><input type=\"hidden\" name=\"_wpcf7_unit_tag\" value=\"wpcf7-f3000-o1\" \/><input type=\"hidden\" name=\"_wpcf7_container_post\" value=\"0\" \/><input type=\"hidden\" name=\"_wpcf7_posted_data_hash\" value=\"\" \/>\n<\/fieldset>\n<p>Service Request:\n<\/p>\n<p>Country (Mandatory): <span class=\"wpcf7-form-control-wrap\" data-name=\"Land\"><input size=\"40\" maxlength=\"400\" class=\"wpcf7-form-control wpcf7-text wpcf7-validates-as-required\" id=\"country\" aria-required=\"true\" aria-invalid=\"false\" placeholder=\"Country\" value=\"\" type=\"text\" name=\"Land\" \/><\/span>\n<\/p>\n<p>Name (Mandatory): <span class=\"wpcf7-form-control-wrap\" data-name=\"contactname\"><input size=\"40\" maxlength=\"400\" class=\"wpcf7-form-control wpcf7-text wpcf7-validates-as-required\" id=\"contactname\" aria-required=\"true\" aria-invalid=\"false\" placeholder=\"Name\" value=\"\" type=\"text\" name=\"contactname\" \/><\/span>\n<\/p>\n<p>Phone: <span class=\"wpcf7-form-control-wrap\" data-name=\"telefon\"><input size=\"40\" maxlength=\"400\" class=\"wpcf7-form-control wpcf7-text\" id=\"telnr\" aria-invalid=\"false\" placeholder=\"Phone\" value=\"\" type=\"text\" name=\"telefon\" \/><\/span>\n<\/p>\n<p>E-Mail: <span class=\"wpcf7-form-control-wrap\" data-name=\"email\"><input size=\"40\" maxlength=\"400\" class=\"wpcf7-form-control wpcf7-email wpcf7-text wpcf7-validates-as-email\" id=\"mail\" aria-invalid=\"false\" placeholder=\"Mail Address\" value=\"\" type=\"email\" name=\"email\" \/><\/span>\n<\/p>\n<p>Type of Request: <span class=\"wpcf7-form-control-wrap\" data-name=\"type_of_request\"><select class=\"wpcf7-form-control wpcf7-select\" id=\"type_request\" aria-invalid=\"false\" name=\"type_of_request\"><option value=\"Alarm\">Alarm<\/option><option value=\"Settings\">Settings<\/option><option value=\"Mechanical Problem\">Mechanical Problem<\/option><option value=\"Maintenance\/Service\">Maintenance\/Service<\/option><option value=\"Spare Parts\">Spare Parts<\/option><option value=\"Miscellaneous\">Miscellaneous<\/option><\/select><\/span>\n<\/p>\n<p>Following informations are placed on the boiler type plate:\n<\/p>\n<p>Boiler Details\n<\/p>\n<p>Manufacturer Code: <span class=\"wpcf7-form-control-wrap\" data-name=\"hnummer\"><input size=\"40\" maxlength=\"400\" class=\"wpcf7-form-control wpcf7-text wpcf7-validates-as-required\" id=\"hnummer\" aria-required=\"true\" aria-invalid=\"false\" placeholder=\"Manufacturer Code\" value=\"\" type=\"text\" name=\"hnummer\" \/><\/span>\n<\/p>\n<p>Project Number: <span class=\"wpcf7-form-control-wrap\" data-name=\"pnummer\"><input size=\"40\" maxlength=\"400\" class=\"wpcf7-form-control wpcf7-text wpcf7-validates-as-required\" id=\"pnummer\" aria-required=\"true\" aria-invalid=\"false\" placeholder=\"Project number\" value=\"\" type=\"text\" name=\"pnummer\" \/><\/span>\n<\/p>\n<p>Miscellaneous\n<\/p>\n<p><span class=\"wpcf7-form-control-wrap\" data-name=\"your-message\"><textarea cols=\"40\" rows=\"10\" maxlength=\"2000\" class=\"wpcf7-form-control wpcf7-textarea\" aria-invalid=\"false\" name=\"your-message\"><\/textarea><\/span>\n<\/p>\n<p>[recaptcha]\n<\/p>\n<p><input class=\"wpcf7-form-control wpcf7-submit has-spinner\" id=\"submit\" type=\"submit\" value=\"Submit\" \/>\n<\/p><div class=\"fusion-alert alert custom alert-custom fusion-alert-center wpcf7-response-output alert-dismissable\" style=\"border-width:1px;\"><button type=\"button\" class=\"close toggle-alert\" data-dismiss=\"alert\" aria-label=\"Close\">&times;<\/button><div class=\"fusion-alert-content-wrapper\"><span class=\"fusion-alert-content\"><\/span><\/div><\/div>\n<\/form>\n<\/div>\n<div class=\"fusion-clearfix\"><\/div><\/div><\/div><\/div><style type=\"text\/css\">.fusion-fullwidth.fusion-builder-row-1 { overflow:visible; }<\/style><\/div>\n","protected":false},"excerpt":{"rendered":"","protected":false},"author":1,"featured_media":0,"parent":1810,"menu_order":0,"comment_status":"closed","ping_status":"closed","template":"","meta":{"footnotes":""},"class_list":["post-1830","page","type-page","status-publish","hentry"],"yoast_head":"<!-- This site is optimized with the Yoast SEO plugin v26.9 - https:\/\/yoast.com\/product\/yoast-seo-wordpress\/ -->\n<title>Service Request - BINDER Energietechnik GmbH<\/title>\n<meta name=\"description\" content=\"Unser Serviceteam kompetent und zuverl\u00e4ssig. Bei Bedarf immer f\u00fcr Sie erreichbar.\" \/>\n<meta name=\"robots\" content=\"index, follow, max-snippet:-1, max-image-preview:large, max-video-preview:-1\" \/>\n<link rel=\"canonical\" href=\"https:\/\/www.binder-gmbh.at\/en\/competence-in-service\/servicerequest\/\" \/>\n<meta property=\"og:locale\" content=\"en_US\" \/>\n<meta property=\"og:type\" content=\"article\" \/>\n<meta property=\"og:title\" content=\"Service Request - BINDER Energietechnik GmbH\" \/>\n<meta property=\"og:description\" content=\"Unser Serviceteam kompetent und zuverl\u00e4ssig. Bei Bedarf immer f\u00fcr Sie erreichbar.\" \/>\n<meta property=\"og:url\" content=\"https:\/\/www.binder-gmbh.at\/en\/competence-in-service\/servicerequest\/\" \/>\n<meta property=\"og:site_name\" content=\"BINDER Energietechnik GmbH\" \/>\n<meta property=\"article:publisher\" content=\"https:\/\/www.facebook.com\/binderenergietechnik\" \/>\n<meta property=\"article:modified_time\" content=\"2021-05-11T08:35:15+00:00\" \/>\n<meta name=\"twitter:label1\" content=\"Est. reading time\" \/>\n\t<meta name=\"twitter:data1\" content=\"1 minute\" \/>\n<script type=\"application\/ld+json\" class=\"yoast-schema-graph\">{\"@context\":\"https:\/\/schema.org\",\"@graph\":[{\"@type\":\"WebPage\",\"@id\":\"https:\/\/www.binder-gmbh.at\/en\/competence-in-service\/servicerequest\/\",\"url\":\"https:\/\/www.binder-gmbh.at\/en\/competence-in-service\/servicerequest\/\",\"name\":\"Service Request - BINDER Energietechnik GmbH\",\"isPartOf\":{\"@id\":\"https:\/\/www.binder-gmbh.at\/en\/#website\"},\"datePublished\":\"2014-05-28T10:25:38+00:00\",\"dateModified\":\"2021-05-11T08:35:15+00:00\",\"description\":\"Unser Serviceteam kompetent und zuverl\u00e4ssig. Bei Bedarf immer f\u00fcr Sie erreichbar.\",\"breadcrumb\":{\"@id\":\"https:\/\/www.binder-gmbh.at\/en\/competence-in-service\/servicerequest\/#breadcrumb\"},\"inLanguage\":\"en-US\",\"potentialAction\":[{\"@type\":\"ReadAction\",\"target\":[\"https:\/\/www.binder-gmbh.at\/en\/competence-in-service\/servicerequest\/\"]}]},{\"@type\":\"BreadcrumbList\",\"@id\":\"https:\/\/www.binder-gmbh.at\/en\/competence-in-service\/servicerequest\/#breadcrumb\",\"itemListElement\":[{\"@type\":\"ListItem\",\"position\":1,\"name\":\"Home\",\"item\":\"https:\/\/www.binder-gmbh.at\/en\/\"},{\"@type\":\"ListItem\",\"position\":2,\"name\":\"Competence in service\",\"item\":\"https:\/\/www.binder-gmbh.at\/en\/competence-in-service\/\"},{\"@type\":\"ListItem\",\"position\":3,\"name\":\"Service Request\"}]},{\"@type\":\"WebSite\",\"@id\":\"https:\/\/www.binder-gmbh.at\/en\/#website\",\"url\":\"https:\/\/www.binder-gmbh.at\/en\/\",\"name\":\"BINDER Energietechnik GmbH\",\"description\":\"BINDER Energietechnik GmbH, Industrie Biomassefeuerungsanlagen, Warmwasser, Hei\u00dfwasser, Sattdampf, Luftw\u00e4rmtauscher, Komplettanbieter f\u00fcr erneuerbare Energiel\u00f6sungen\",\"potentialAction\":[{\"@type\":\"SearchAction\",\"target\":{\"@type\":\"EntryPoint\",\"urlTemplate\":\"https:\/\/www.binder-gmbh.at\/en\/?s={search_term_string}\"},\"query-input\":{\"@type\":\"PropertyValueSpecification\",\"valueRequired\":true,\"valueName\":\"search_term_string\"}}],\"inLanguage\":\"en-US\"}]}<\/script>\n<!-- \/ Yoast SEO plugin. -->","yoast_head_json":{"title":"Service Request - BINDER Energietechnik GmbH","description":"Unser Serviceteam kompetent und zuverl\u00e4ssig. Bei Bedarf immer f\u00fcr Sie erreichbar.","robots":{"index":"index","follow":"follow","max-snippet":"max-snippet:-1","max-image-preview":"max-image-preview:large","max-video-preview":"max-video-preview:-1"},"canonical":"https:\/\/www.binder-gmbh.at\/en\/competence-in-service\/servicerequest\/","og_locale":"en_US","og_type":"article","og_title":"Service Request - BINDER Energietechnik GmbH","og_description":"Unser Serviceteam kompetent und zuverl\u00e4ssig. Bei Bedarf immer f\u00fcr Sie erreichbar.","og_url":"https:\/\/www.binder-gmbh.at\/en\/competence-in-service\/servicerequest\/","og_site_name":"BINDER Energietechnik GmbH","article_publisher":"https:\/\/www.facebook.com\/binderenergietechnik","article_modified_time":"2021-05-11T08:35:15+00:00","twitter_misc":{"Est. reading time":"1 minute"},"schema":{"@context":"https:\/\/schema.org","@graph":[{"@type":"WebPage","@id":"https:\/\/www.binder-gmbh.at\/en\/competence-in-service\/servicerequest\/","url":"https:\/\/www.binder-gmbh.at\/en\/competence-in-service\/servicerequest\/","name":"Service Request - BINDER Energietechnik GmbH","isPartOf":{"@id":"https:\/\/www.binder-gmbh.at\/en\/#website"},"datePublished":"2014-05-28T10:25:38+00:00","dateModified":"2021-05-11T08:35:15+00:00","description":"Unser Serviceteam kompetent und zuverl\u00e4ssig. Bei Bedarf immer f\u00fcr Sie erreichbar.","breadcrumb":{"@id":"https:\/\/www.binder-gmbh.at\/en\/competence-in-service\/servicerequest\/#breadcrumb"},"inLanguage":"en-US","potentialAction":[{"@type":"ReadAction","target":["https:\/\/www.binder-gmbh.at\/en\/competence-in-service\/servicerequest\/"]}]},{"@type":"BreadcrumbList","@id":"https:\/\/www.binder-gmbh.at\/en\/competence-in-service\/servicerequest\/#breadcrumb","itemListElement":[{"@type":"ListItem","position":1,"name":"Home","item":"https:\/\/www.binder-gmbh.at\/en\/"},{"@type":"ListItem","position":2,"name":"Competence in service","item":"https:\/\/www.binder-gmbh.at\/en\/competence-in-service\/"},{"@type":"ListItem","position":3,"name":"Service Request"}]},{"@type":"WebSite","@id":"https:\/\/www.binder-gmbh.at\/en\/#website","url":"https:\/\/www.binder-gmbh.at\/en\/","name":"BINDER Energietechnik GmbH","description":"BINDER Energietechnik GmbH, Industrie Biomassefeuerungsanlagen, Warmwasser, Hei\u00dfwasser, Sattdampf, Luftw\u00e4rmtauscher, Komplettanbieter f\u00fcr erneuerbare Energiel\u00f6sungen","potentialAction":[{"@type":"SearchAction","target":{"@type":"EntryPoint","urlTemplate":"https:\/\/www.binder-gmbh.at\/en\/?s={search_term_string}"},"query-input":{"@type":"PropertyValueSpecification","valueRequired":true,"valueName":"search_term_string"}}],"inLanguage":"en-US"}]}},"_links":{"self":[{"href":"https:\/\/www.binder-gmbh.at\/en\/wp-json\/wp\/v2\/pages\/1830","targetHints":{"allow":["GET"]}}],"collection":[{"href":"https:\/\/www.binder-gmbh.at\/en\/wp-json\/wp\/v2\/pages"}],"about":[{"href":"https:\/\/www.binder-gmbh.at\/en\/wp-json\/wp\/v2\/types\/page"}],"author":[{"embeddable":true,"href":"https:\/\/www.binder-gmbh.at\/en\/wp-json\/wp\/v2\/users\/1"}],"replies":[{"embeddable":true,"href":"https:\/\/www.binder-gmbh.at\/en\/wp-json\/wp\/v2\/comments?post=1830"}],"version-history":[{"count":11,"href":"https:\/\/www.binder-gmbh.at\/en\/wp-json\/wp\/v2\/pages\/1830\/revisions"}],"predecessor-version":[{"id":4548,"href":"https:\/\/www.binder-gmbh.at\/en\/wp-json\/wp\/v2\/pages\/1830\/revisions\/4548"}],"up":[{"embeddable":true,"href":"https:\/\/www.binder-gmbh.at\/en\/wp-json\/wp\/v2\/pages\/1810"}],"wp:attachment":[{"href":"https:\/\/www.binder-gmbh.at\/en\/wp-json\/wp\/v2\/media?parent=1830"}],"curies":[{"name":"wp","href":"https:\/\/api.w.org\/{rel}","templated":true}]}}