{"id":1792,"date":"2014-04-30T14:49:24","date_gmt":"2014-04-30T12:49:24","guid":{"rendered":"https:\/\/www.binder-gmbh.at\/company\/"},"modified":"2023-11-28T13:55:05","modified_gmt":"2023-11-28T12:55:05","slug":"company","status":"publish","type":"page","link":"https:\/\/www.binder-gmbh.at\/en\/company\/","title":{"rendered":"Company"},"content":{"rendered":"<div class=\"fusion-fullwidth fullwidth-box fusion-builder-row-1 hundred-percent-fullwidth non-hundred-percent-height-scrolling\" style=\"background-color: #ffffff;background-position: center center;background-repeat: no-repeat;padding-top:0px;padding-right:0px;padding-bottom:0px;padding-left:0px;margin-bottom: 0px;margin-top: 0px;border-width: 0px 0px 0px 0px;border-color:#eae9e9;border-style:solid;\" ><div class=\"fusion-builder-row fusion-row\"><div class=\"fusion-layout-column fusion_builder_column fusion-builder-column-0 fusion_builder_column_1_1 1_1 fusion-one-full fusion-column-first fusion-column-last fusion-column-no-min-height\" style=\"margin-top:0px;margin-bottom:0px;\"><div class=\"fusion-column-wrapper fusion-flex-column-wrapper-legacy\" style=\"background-position:left top;background-repeat:no-repeat;-webkit-background-size:cover;-moz-background-size:cover;-o-background-size:cover;background-size:cover;padding: 0px 0px 0px 0px;\"><style type=\"text\/css\"><\/style><div class=\"fusion-title title fusion-title-1 fusion-sep-none fusion-title-text fusion-title-size-four\" style=\"margin-top:0px;margin-right:0px;margin-bottom:31px;margin-left:0px;\"><h4 class=\"title-heading-right fusion-responsive-typography-calculated\" style=\"margin:0;--fontSize:18;--minFontSize:18px;line-height:1.67;\"><p style=\"letter-spacing: 2px; font-size: 14px; margin-bottom: 0px;\">Sophisticated Boiler Systems &#8211; for more than 30 years!<\/p><\/h4><\/div><div class=\"fusion-clearfix\"><\/div><\/div><\/div><div class=\"fusion-layout-column fusion_builder_column fusion-builder-column-1 fusion_builder_column_1_1 1_1 fusion-one-full fusion-column-first fusion-column-last fusion-column-no-min-height\" style=\"margin-top:0px;margin-bottom:0px;\"><div class=\"fusion-column-wrapper fusion-flex-column-wrapper-legacy\" style=\"background-position:left top;background-repeat:no-repeat;-webkit-background-size:cover;-moz-background-size:cover;-o-background-size:cover;background-size:cover;padding: 0px 0px 0px 0px;\"><style type=\"text\/css\"><\/style><div class=\"fusion-title title fusion-title-2 fusion-sep-none fusion-title-text fusion-title-size-one\" style=\"margin-top:0px;margin-right:0px;margin-bottom:31px;margin-left:0px;\"><h1 class=\"title-heading-left fusion-responsive-typography-calculated\" style=\"margin:0;--fontSize:34;line-height:1.5;\"><p style=\"color: #cc0000;\">BINDER Energietechnik GmbH<\/p><\/h1><\/div><div class=\"fusion-text fusion-text-1\"><p><strong>With thousands of units installed from Canada to Japan BINDER is one of the leading manufacturers of renewable heating solutions in the world.<\/strong><\/p>\n<p>At the factory with a total area of approx. 6 ha and 6,200 m\u00b2 production area, about 200 boilers are manufactured each year.<br \/>\nOur service team at the head office in B\u00e4rnbach provides top of the range service and maintenance support, <strong>with service and sales offices and partners all over the world.<\/strong><\/p>\n<p>Cooperation with universities and similar organizations as well as the expertise of our highly qualified engineers ensures top technological standard throughout the world. Operating out of Austria \u2013 a country with one of the strictest environmental regulations of the world \u2013 BINDER developes products which meet the principle of sustainability and are ecologically and economically worthwhile.<\/p>\n<\/div><div class=\"fusion-clearfix\"><\/div><\/div><\/div><div class=\"fusion-layout-column fusion_builder_column fusion-builder-column-2 fusion_builder_column_1_1 1_1 fusion-one-full fusion-column-first fusion-column-last fusion-column-no-min-height\" style=\"margin-top:0px;margin-bottom:0px;\"><div class=\"fusion-column-wrapper fusion-flex-column-wrapper-legacy\" style=\"background-position:left top;background-repeat:no-repeat;-webkit-background-size:cover;-moz-background-size:cover;-o-background-size:cover;background-size:cover;padding: 0px 0px 0px 0px;\"><style type=\"text\/css\"><\/style><div class=\"fusion-title title fusion-title-3 fusion-sep-none fusion-title-text fusion-title-size-four\" style=\"margin-top:0px;margin-right:0px;margin-bottom:-10px;margin-left:0px;\"><h4 class=\"title-heading-left fusion-responsive-typography-calculated\" style=\"margin:0;--fontSize:18;--minFontSize:18px;line-height:1.67;\"><p style=\"color: #cc0000;\">Business activities&#8230;<\/p><\/h4><\/div><div class=\"fusion-clearfix\"><\/div><\/div><\/div><div class=\"fusion-layout-column fusion_builder_column fusion-builder-column-3 fusion_builder_column_1_2 1_2 fusion-one-half fusion-column-first\" style=\"width:48%; margin-right: 4%;margin-top:0px;margin-bottom:20px;\"><div class=\"fusion-column-wrapper fusion-flex-column-wrapper-legacy\" style=\"background-position:left top;background-repeat:no-repeat;-webkit-background-size:cover;-moz-background-size:cover;-o-background-size:cover;background-size:cover;padding: 0px 0px 0px 0px;\"><div class=\"fusion-text fusion-text-2\"><ul>\n<li>honest and fair long-term partnerships with our customers and suppliers<\/li>\n<li>continuus improvements of our systems<\/li>\n<li>appreciation of teamwork, initiative and self-motivated employees<\/li>\n<li>resource-efficient manufacturing of our products which are designed for durability<\/li>\n<li>long tradition of a business with solid growthand sound foundation.<\/li>\n<\/ul>\n<\/div><div class=\"fusion-text fusion-text-3\"><p><strong>We don\u2019t aim at short-term profits, but long-term growth and sustained development.<\/strong><\/p>\n<p><strong>We look forward to working with you and your organisation.<\/strong><\/p>\n<\/div><div class=\"fusion-clearfix\"><\/div><\/div><\/div><div class=\"fusion-layout-column fusion_builder_column fusion-builder-column-4 fusion_builder_column_1_2 1_2 fusion-one-half fusion-column-last\" style=\"width:48%;margin-top:0px;margin-bottom:20px;\"><div class=\"fusion-column-wrapper fusion-flex-column-wrapper-legacy\" style=\"background-position:left top;background-repeat:no-repeat;-webkit-background-size:cover;-moz-background-size:cover;-o-background-size:cover;background-size:cover;padding: 0px 0px 0px 0px;\"><span class=\" fusion-imageframe imageframe-none imageframe-1 hover-type-none\"><img decoding=\"async\" width=\"700\" height=\"448\" title=\"binder_world\" src=\"https:\/\/www.binder-gmbh.at\/wp-content\/uploads\/2016\/12\/Binder_World.jpg\" alt class=\"img-responsive wp-image-3687\" srcset=\"https:\/\/www.binder-gmbh.at\/wp-content\/uploads\/2016\/12\/Binder_World-200x128.jpg 200w, https:\/\/www.binder-gmbh.at\/wp-content\/uploads\/2016\/12\/Binder_World-400x256.jpg 400w, https:\/\/www.binder-gmbh.at\/wp-content\/uploads\/2016\/12\/Binder_World-600x384.jpg 600w, https:\/\/www.binder-gmbh.at\/wp-content\/uploads\/2016\/12\/Binder_World.jpg 700w\" sizes=\"(max-width: 820px) 100vw, 600px\" \/><\/span><div class=\"fusion-clearfix\"><\/div><\/div><\/div><div class=\"fusion-layout-column fusion_builder_column fusion-builder-column-5 fusion_builder_column_1_1 1_1 fusion-one-full fusion-column-first fusion-column-last fusion-column-no-min-height\" style=\"margin-top:0px;margin-bottom:0px;\"><div class=\"fusion-column-wrapper fusion-flex-column-wrapper-legacy\" style=\"background-position:left top;background-repeat:no-repeat;-webkit-background-size:cover;-moz-background-size:cover;-o-background-size:cover;background-size:cover;padding: 0px 0px 0px 0px;\"><style type=\"text\/css\"><\/style><div class=\"fusion-title title fusion-title-4 fusion-sep-none fusion-title-text fusion-title-size-one\" style=\"margin-top:0px;margin-right:0px;margin-bottom:31px;margin-left:0px;\"><h1 class=\"title-heading-left fusion-responsive-typography-calculated\" style=\"margin:0;--fontSize:34;line-height:1.5;\"><p style=\"color: #cc0000;\">HERZ Energietechnik GmbH<\/p><\/h1><\/div><div class=\"fusion-text fusion-text-4\"><p>HERZ Energietechnik employs more than 200 staff in production and sales. At the company sites in Pinkafeld, Burgenland and Sebersdorf, Styria, there is state-of-the-art production as well as a research institute for new, innovative products. For a number of years, HERZ has worked with local research and training institutes.<\/p>\n<p>Over the years, HERZ has established itself as a specialist in renewable energy systems. HERZ places a great importance on modern, cost-effective and environmentally friendly heating systems with the highest level of convenience and user-friendliness.<\/p>\n<\/div><div class=\"imageframe-align-center\"><span class=\" fusion-imageframe imageframe-none imageframe-2 hover-type-none\"><img decoding=\"async\" width=\"800\" height=\"373\" title=\"GK-Render_HERZ\" src=\"https:\/\/www.binder-gmbh.at\/wp-content\/uploads\/2023\/11\/GK-Render_HERZ-800x373.jpg\" alt class=\"img-responsive wp-image-4883\" srcset=\"https:\/\/www.binder-gmbh.at\/wp-content\/uploads\/2023\/11\/GK-Render_HERZ-200x93.jpg 200w, https:\/\/www.binder-gmbh.at\/wp-content\/uploads\/2023\/11\/GK-Render_HERZ-400x187.jpg 400w, https:\/\/www.binder-gmbh.at\/wp-content\/uploads\/2023\/11\/GK-Render_HERZ-600x280.jpg 600w, https:\/\/www.binder-gmbh.at\/wp-content\/uploads\/2023\/11\/GK-Render_HERZ-800x373.jpg 800w, https:\/\/www.binder-gmbh.at\/wp-content\/uploads\/2023\/11\/GK-Render_HERZ-1200x560.jpg 1200w, https:\/\/www.binder-gmbh.at\/wp-content\/uploads\/2023\/11\/GK-Render_HERZ.jpg 1772w\" sizes=\"(max-width: 820px) 100vw, 1200px\" \/><\/span><\/div><div class=\"fusion-sep-clear\"><\/div><div class=\"fusion-separator fusion-full-width-sep\" style=\"margin-left: auto;margin-right: auto;margin-bottom:20px;width:100%;\"><\/div><div class=\"fusion-sep-clear\"><\/div><div class=\"fusion-clearfix\"><\/div><\/div><\/div><\/div><style type=\"text\/css\">.fusion-fullwidth.fusion-builder-row-1 { overflow:visible; }<\/style><\/div>\n","protected":false},"excerpt":{"rendered":"<p>BINDER produziert und vertreibt seit mehr als 30 Jahren Biomassefeuerungsanlagen. Am Standort in B\u00e4rnbach stehen eine moderne Fertigung sowie ein gro\u00dfz\u00fcgig angelegtes Forschungszentrum zur Verf\u00fcgung.<\/p>\n","protected":false},"author":1,"featured_media":0,"parent":0,"menu_order":0,"comment_status":"closed","ping_status":"closed","template":"","meta":{"footnotes":""},"class_list":["post-1792","page","type-page","status-publish","hentry"],"yoast_head":"<!-- This site is optimized with the Yoast SEO plugin v26.9 - https:\/\/yoast.com\/product\/yoast-seo-wordpress\/ -->\n<title>Company - BINDER Energietechnik GmbH<\/title>\n<meta name=\"description\" content=\"With thousands of units installed from Canada to Japan BINDER is one of the leading manufacturers of renewable heating solutions in the world.\" \/>\n<meta name=\"robots\" content=\"index, follow, max-snippet:-1, max-image-preview:large, max-video-preview:-1\" \/>\n<link rel=\"canonical\" href=\"https:\/\/www.binder-gmbh.at\/en\/company\/\" \/>\n<meta property=\"og:locale\" content=\"en_US\" \/>\n<meta property=\"og:type\" content=\"article\" \/>\n<meta property=\"og:title\" content=\"Company - BINDER Energietechnik GmbH\" \/>\n<meta property=\"og:description\" content=\"With thousands of units installed from Canada to Japan BINDER is one of the leading manufacturers of renewable heating solutions in the world.\" \/>\n<meta property=\"og:url\" content=\"https:\/\/www.binder-gmbh.at\/en\/company\/\" \/>\n<meta property=\"og:site_name\" content=\"BINDER Energietechnik GmbH\" \/>\n<meta property=\"article:publisher\" content=\"https:\/\/www.facebook.com\/binderenergietechnik\" \/>\n<meta property=\"article:modified_time\" content=\"2023-11-28T12:55:05+00:00\" \/>\n<meta property=\"og:image\" content=\"https:\/\/www.binder-gmbh.at\/wp-content\/uploads\/2016\/12\/Binder_World.jpg\" \/>\n<meta name=\"twitter:label1\" content=\"Est. reading time\" \/>\n\t<meta name=\"twitter:data1\" content=\"8 minutes\" \/>\n<script type=\"application\/ld+json\" class=\"yoast-schema-graph\">{\"@context\":\"https:\/\/schema.org\",\"@graph\":[{\"@type\":\"WebPage\",\"@id\":\"https:\/\/www.binder-gmbh.at\/en\/company\/\",\"url\":\"https:\/\/www.binder-gmbh.at\/en\/company\/\",\"name\":\"Company - BINDER Energietechnik GmbH\",\"isPartOf\":{\"@id\":\"https:\/\/www.binder-gmbh.at\/en\/#website\"},\"primaryImageOfPage\":{\"@id\":\"https:\/\/www.binder-gmbh.at\/en\/company\/#primaryimage\"},\"image\":{\"@id\":\"https:\/\/www.binder-gmbh.at\/en\/company\/#primaryimage\"},\"thumbnailUrl\":\"https:\/\/www.binder-gmbh.at\/wp-content\/uploads\/2016\/12\/Binder_World.jpg\",\"datePublished\":\"2014-04-30T12:49:24+00:00\",\"dateModified\":\"2023-11-28T12:55:05+00:00\",\"description\":\"With thousands of units installed from Canada to Japan BINDER is one of the leading manufacturers of renewable heating solutions in the world.\",\"breadcrumb\":{\"@id\":\"https:\/\/www.binder-gmbh.at\/en\/company\/#breadcrumb\"},\"inLanguage\":\"en-US\",\"potentialAction\":[{\"@type\":\"ReadAction\",\"target\":[\"https:\/\/www.binder-gmbh.at\/en\/company\/\"]}]},{\"@type\":\"ImageObject\",\"inLanguage\":\"en-US\",\"@id\":\"https:\/\/www.binder-gmbh.at\/en\/company\/#primaryimage\",\"url\":\"https:\/\/www.binder-gmbh.at\/wp-content\/uploads\/2016\/12\/Binder_World.jpg\",\"contentUrl\":\"https:\/\/www.binder-gmbh.at\/wp-content\/uploads\/2016\/12\/Binder_World.jpg\"},{\"@type\":\"BreadcrumbList\",\"@id\":\"https:\/\/www.binder-gmbh.at\/en\/company\/#breadcrumb\",\"itemListElement\":[{\"@type\":\"ListItem\",\"position\":1,\"name\":\"Home\",\"item\":\"https:\/\/www.binder-gmbh.at\/en\/\"},{\"@type\":\"ListItem\",\"position\":2,\"name\":\"Company\"}]},{\"@type\":\"WebSite\",\"@id\":\"https:\/\/www.binder-gmbh.at\/en\/#website\",\"url\":\"https:\/\/www.binder-gmbh.at\/en\/\",\"name\":\"BINDER Energietechnik GmbH\",\"description\":\"BINDER Energietechnik GmbH, Industrie Biomassefeuerungsanlagen, Warmwasser, Hei\u00dfwasser, Sattdampf, Luftw\u00e4rmtauscher, Komplettanbieter f\u00fcr erneuerbare Energiel\u00f6sungen\",\"potentialAction\":[{\"@type\":\"SearchAction\",\"target\":{\"@type\":\"EntryPoint\",\"urlTemplate\":\"https:\/\/www.binder-gmbh.at\/en\/?s={search_term_string}\"},\"query-input\":{\"@type\":\"PropertyValueSpecification\",\"valueRequired\":true,\"valueName\":\"search_term_string\"}}],\"inLanguage\":\"en-US\"}]}<\/script>\n<!-- \/ Yoast SEO plugin. -->","yoast_head_json":{"title":"Company - BINDER Energietechnik GmbH","description":"With thousands of units installed from Canada to Japan BINDER is one of the leading manufacturers of renewable heating solutions in the world.","robots":{"index":"index","follow":"follow","max-snippet":"max-snippet:-1","max-image-preview":"max-image-preview:large","max-video-preview":"max-video-preview:-1"},"canonical":"https:\/\/www.binder-gmbh.at\/en\/company\/","og_locale":"en_US","og_type":"article","og_title":"Company - BINDER Energietechnik GmbH","og_description":"With thousands of units installed from Canada to Japan BINDER is one of the leading manufacturers of renewable heating solutions in the world.","og_url":"https:\/\/www.binder-gmbh.at\/en\/company\/","og_site_name":"BINDER Energietechnik GmbH","article_publisher":"https:\/\/www.facebook.com\/binderenergietechnik","article_modified_time":"2023-11-28T12:55:05+00:00","og_image":[{"url":"https:\/\/www.binder-gmbh.at\/wp-content\/uploads\/2016\/12\/Binder_World.jpg","type":"","width":"","height":""}],"twitter_misc":{"Est. reading time":"8 minutes"},"schema":{"@context":"https:\/\/schema.org","@graph":[{"@type":"WebPage","@id":"https:\/\/www.binder-gmbh.at\/en\/company\/","url":"https:\/\/www.binder-gmbh.at\/en\/company\/","name":"Company - BINDER Energietechnik GmbH","isPartOf":{"@id":"https:\/\/www.binder-gmbh.at\/en\/#website"},"primaryImageOfPage":{"@id":"https:\/\/www.binder-gmbh.at\/en\/company\/#primaryimage"},"image":{"@id":"https:\/\/www.binder-gmbh.at\/en\/company\/#primaryimage"},"thumbnailUrl":"https:\/\/www.binder-gmbh.at\/wp-content\/uploads\/2016\/12\/Binder_World.jpg","datePublished":"2014-04-30T12:49:24+00:00","dateModified":"2023-11-28T12:55:05+00:00","description":"With thousands of units installed from Canada to Japan BINDER is one of the leading manufacturers of renewable heating solutions in the world.","breadcrumb":{"@id":"https:\/\/www.binder-gmbh.at\/en\/company\/#breadcrumb"},"inLanguage":"en-US","potentialAction":[{"@type":"ReadAction","target":["https:\/\/www.binder-gmbh.at\/en\/company\/"]}]},{"@type":"ImageObject","inLanguage":"en-US","@id":"https:\/\/www.binder-gmbh.at\/en\/company\/#primaryimage","url":"https:\/\/www.binder-gmbh.at\/wp-content\/uploads\/2016\/12\/Binder_World.jpg","contentUrl":"https:\/\/www.binder-gmbh.at\/wp-content\/uploads\/2016\/12\/Binder_World.jpg"},{"@type":"BreadcrumbList","@id":"https:\/\/www.binder-gmbh.at\/en\/company\/#breadcrumb","itemListElement":[{"@type":"ListItem","position":1,"name":"Home","item":"https:\/\/www.binder-gmbh.at\/en\/"},{"@type":"ListItem","position":2,"name":"Company"}]},{"@type":"WebSite","@id":"https:\/\/www.binder-gmbh.at\/en\/#website","url":"https:\/\/www.binder-gmbh.at\/en\/","name":"BINDER Energietechnik GmbH","description":"BINDER Energietechnik GmbH, Industrie Biomassefeuerungsanlagen, Warmwasser, Hei\u00dfwasser, Sattdampf, Luftw\u00e4rmtauscher, Komplettanbieter f\u00fcr erneuerbare Energiel\u00f6sungen","potentialAction":[{"@type":"SearchAction","target":{"@type":"EntryPoint","urlTemplate":"https:\/\/www.binder-gmbh.at\/en\/?s={search_term_string}"},"query-input":{"@type":"PropertyValueSpecification","valueRequired":true,"valueName":"search_term_string"}}],"inLanguage":"en-US"}]}},"_links":{"self":[{"href":"https:\/\/www.binder-gmbh.at\/en\/wp-json\/wp\/v2\/pages\/1792","targetHints":{"allow":["GET"]}}],"collection":[{"href":"https:\/\/www.binder-gmbh.at\/en\/wp-json\/wp\/v2\/pages"}],"about":[{"href":"https:\/\/www.binder-gmbh.at\/en\/wp-json\/wp\/v2\/types\/page"}],"author":[{"embeddable":true,"href":"https:\/\/www.binder-gmbh.at\/en\/wp-json\/wp\/v2\/users\/1"}],"replies":[{"embeddable":true,"href":"https:\/\/www.binder-gmbh.at\/en\/wp-json\/wp\/v2\/comments?post=1792"}],"version-history":[{"count":4,"href":"https:\/\/www.binder-gmbh.at\/en\/wp-json\/wp\/v2\/pages\/1792\/revisions"}],"predecessor-version":[{"id":4896,"href":"https:\/\/www.binder-gmbh.at\/en\/wp-json\/wp\/v2\/pages\/1792\/revisions\/4896"}],"wp:attachment":[{"href":"https:\/\/www.binder-gmbh.at\/en\/wp-json\/wp\/v2\/media?parent=1792"}],"curies":[{"name":"wp","href":"https:\/\/api.w.org\/{rel}","templated":true}]}}