{"id":1790,"date":"2014-04-30T09:35:53","date_gmt":"2014-04-30T07:35:53","guid":{"rendered":"https:\/\/www.binder-gmbh.at\/contact\/"},"modified":"2018-10-05T10:24:18","modified_gmt":"2018-10-05T09:24:18","slug":"contact","status":"publish","type":"page","link":"https:\/\/www.binder-gmbh.at\/en\/contact\/","title":{"rendered":"Contact"},"content":{"rendered":"<p><div class=\"fusion-fullwidth fullwidth-box fusion-builder-row-1 hundred-percent-fullwidth non-hundred-percent-height-scrolling\" style=\"background-color: #ffffff;background-position: left top;background-repeat: no-repeat;padding-top:0px;padding-right:0px;padding-bottom:20px;padding-left:0px;margin-bottom: 0px;margin-top: 0px;border-width: 0px 0px 0px 0px;border-color:#eae9e9;border-style:solid;\" ><div class=\"fusion-builder-row fusion-row\"><div class=\"fusion-layout-column fusion_builder_column fusion-builder-column-0 fusion_builder_column_1_1 1_1 fusion-one-full fusion-column-first fusion-column-last fusion-column-no-min-height\" style=\"margin-top:-20px;margin-bottom:-20px;\"><div class=\"fusion-column-wrapper fusion-flex-column-wrapper-legacy\" style=\"background-position:left top;background-repeat:no-repeat;-webkit-background-size:cover;-moz-background-size:cover;-o-background-size:cover;background-size:cover;padding: 0px 0px 0px 0px;\"><span class=\" fusion-imageframe imageframe-none imageframe-1 hover-type-none\"><a class=\"fusion-no-lightbox\" href=\"https:\/\/www.google.at\/maps\/dir\/\/Binder+Energietechnik+GmbH,+Mitterdorfer+Str.+5,+8572+B%C3%A4rnbach\/@47.0517793,15.1482193,12z\/data=!4m8!4m7!1m0!1m5!1m1!1s0x476fd353b9e2406d:0xcf32662e6b22f296!2m2!1d15.1299483!2d47.0582432\" target=\"_blank\" aria-label=\"Binder_Baernbach_Karte\" rel=\"noopener noreferrer\"><img decoding=\"async\" width=\"1903\" height=\"337\" src=\"https:\/\/www.binder-gmbh.at\/wp-content\/uploads\/2018\/10\/Binder_Baernbach_Karte.jpg\" alt class=\"img-responsive wp-image-4196\" srcset=\"https:\/\/www.binder-gmbh.at\/wp-content\/uploads\/2018\/10\/Binder_Baernbach_Karte-200x35.jpg 200w, https:\/\/www.binder-gmbh.at\/wp-content\/uploads\/2018\/10\/Binder_Baernbach_Karte-400x71.jpg 400w, https:\/\/www.binder-gmbh.at\/wp-content\/uploads\/2018\/10\/Binder_Baernbach_Karte-600x106.jpg 600w, https:\/\/www.binder-gmbh.at\/wp-content\/uploads\/2018\/10\/Binder_Baernbach_Karte-800x142.jpg 800w, https:\/\/www.binder-gmbh.at\/wp-content\/uploads\/2018\/10\/Binder_Baernbach_Karte-1200x213.jpg 1200w, https:\/\/www.binder-gmbh.at\/wp-content\/uploads\/2018\/10\/Binder_Baernbach_Karte.jpg 1903w\" sizes=\"(max-width: 820px) 100vw, 1200px\" \/><\/a><\/span><div class=\"fusion-clearfix\"><\/div><\/div><\/div><\/div><\/div><div class=\"fusion-fullwidth fullwidth-box fusion-builder-row-2 nonhundred-percent-fullwidth non-hundred-percent-height-scrolling\" style=\"background-color: #f6f3f3;background-position: left top;background-repeat: no-repeat;padding-top:0px;padding-right:0px;padding-bottom:0px;padding-left:0px;margin-bottom: 0px;margin-top: 0px;border-width: 0px 0px 0px 0px;border-color:#eae9e9;border-style:solid;\" ><div class=\"fusion-builder-row fusion-row\"><div class=\"fusion-layout-column fusion_builder_column fusion-builder-column-1 fusion_builder_column_1_1 1_1 fusion-one-full fusion-column-first fusion-column-last fusion-column-no-min-height\" style=\"margin-top:0px;margin-bottom:0px;\"><div class=\"fusion-column-wrapper fusion-flex-column-wrapper-legacy\" style=\"background-position:left top;background-repeat:no-repeat;-webkit-background-size:cover;-moz-background-size:cover;-o-background-size:cover;background-size:cover;padding: 0px 0px 0px 0px;\"><div class=\"fusion-sep-clear\"><\/div><div class=\"fusion-separator fusion-full-width-sep\" style=\"margin-left: auto;margin-right: auto;margin-top:20px;width:100%;\"><\/div><div class=\"fusion-sep-clear\"><\/div><div class=\"fusion-text fusion-text-1\"><h1 style=\"text-align: left;\">Contact<\/h1>\n<\/div><div class=\"fusion-sep-clear\"><\/div><div class=\"fusion-separator fusion-full-width-sep\" style=\"margin-left: auto;margin-right: auto;margin-bottom:20px;width:100%;\"><\/div><div class=\"fusion-sep-clear\"><\/div><div class=\"fusion-clearfix\"><\/div><\/div><\/div><div class=\"fusion-layout-column fusion_builder_column fusion-builder-column-2 fusion_builder_column_1_2 1_2 fusion-one-half fusion-column-first\" style=\"width:48%; margin-right: 4%;margin-top:0px;margin-bottom:20px;\"><div class=\"fusion-column-wrapper fusion-flex-column-wrapper-legacy\" style=\"background-position:left top;background-repeat:no-repeat;-webkit-background-size:cover;-moz-background-size:cover;-o-background-size:cover;background-size:cover;padding: 0px 0px 0px 0px;\"><style type=\"text\/css\"><\/style><div class=\"fusion-title title fusion-title-1 fusion-sep-none fusion-title-text fusion-title-size-two\" style=\"margin-top:0px;margin-right:0px;margin-bottom:31px;margin-left:0px;\"><h2 class=\"title-heading-left fusion-responsive-typography-calculated\" style=\"margin:0;--fontSize:26;line-height:1.69;\">BINDER Energietechnik GmbH<\/h2><\/div><ul class=\"fusion-checklist fusion-checklist-1\" style=\"font-size:16px;line-height:27.2px;\"><li style=\"background-color:rgba(255,255,255,0);\" class=\"fusion-li-item\"><span style=\"background-color:#e30613;font-size:14.08px;height:27.2px;width:27.2px;margin-right:11.2px;\" class=\"icon-wrapper circle-yes\"><i class=\"fusion-li-icon fa fa-map-marker\" style=\"color:#ffffff;\" aria-hidden=\"true\"><\/i><\/span><div class=\"fusion-li-item-content\" style=\"margin-left:38.4px;color:#222222;\">Mitterdorferstra\u00dfe 5,<br \/>\n8572 B\u00e4rnbach,<br \/>\nAUSTRIA<\/div><\/li><li style=\"background-color:rgba(255,255,255,0);\" class=\"fusion-li-item\"><span style=\"background-color:#e30613;font-size:14.08px;height:27.2px;width:27.2px;margin-right:11.2px;\" class=\"icon-wrapper circle-yes\"><i class=\"fusion-li-icon fa fa-phone\" style=\"color:#ffffff;\" aria-hidden=\"true\"><\/i><\/span><div class=\"fusion-li-item-content\" style=\"margin-left:38.4px;color:#222222;\">+43 3142 \/ 22544<\/div><\/li><li style=\"background-color:rgba(255,255,255,0);\" class=\"fusion-li-item\"><span style=\"background-color:#e30613;font-size:14.08px;height:27.2px;width:27.2px;margin-right:11.2px;\" class=\"icon-wrapper circle-yes\"><i class=\"fusion-li-icon fa fa-fax\" style=\"color:#ffffff;\" aria-hidden=\"true\"><\/i><\/span><div class=\"fusion-li-item-content\" style=\"margin-left:38.4px;color:#222222;\">+43 3142 \/ 22544 &#8211; 16<\/div><\/li><li style=\"background-color:rgba(255,255,255,0);\" class=\"fusion-li-item\"><span style=\"background-color:#e30613;font-size:14.08px;height:27.2px;width:27.2px;margin-right:11.2px;\" class=\"icon-wrapper circle-yes\"><i class=\"fusion-li-icon fa fa-envelope-o\" style=\"color:#ffffff;\" aria-hidden=\"true\"><\/i><\/span><div class=\"fusion-li-item-content\" style=\"margin-left:38.4px;color:#222222;\"><a href=\"mailto:office@binder-gmbh.at\">office@binder-gmbh.at<\/a><\/div><\/li><\/ul><div class=\"fusion-text fusion-text-2\"><p>FN060765k Landesgericht Graz<br \/>\nUID-Nr.: ATU30396309<br \/>\nEORI-Nr.: ATEOS1000003591<\/p>\n<\/div><div class=\"fusion-clearfix\"><\/div><\/div><\/div><div class=\"fusion-layout-column fusion_builder_column fusion-builder-column-3 fusion_builder_column_1_2 1_2 fusion-one-half fusion-column-last\" style=\"width:48%;margin-top:0px;margin-bottom:20px;\"><div class=\"fusion-column-wrapper fusion-flex-column-wrapper-legacy\" style=\"background-position:left top;background-repeat:no-repeat;-webkit-background-size:cover;-moz-background-size:cover;-o-background-size:cover;background-size:cover;background-color:#ffffff;border:1px solid #ebeef1;padding: 40px;\"><div class=\"awb-image-frame awb-image-frame-2 imageframe-liftup\"><span class=\" fusion-imageframe imageframe-dropshadow imageframe-2\" style=\"-webkit-box-shadow: 3px 3px 7px rgba(0,0,0,0.3);box-shadow: 3px 3px 7px rgba(0,0,0,0.3);\"><a href=\"https:\/\/www.binder-gmbh.at\/wp-content\/uploads\/2014\/04\/BINDER_Gelaende-1.jpg\" class=\"fusion-lightbox\" data-rel=\"iLightbox[021446e787ad7f61270]\" data-title=\"binder_gelaende\" title=\"binder_gelaende\"><img decoding=\"async\" width=\"540\" height=\"360\" src=\"https:\/\/www.binder-gmbh.at\/wp-content\/uploads\/2014\/04\/BINDER_Gelaende-1.jpg\" alt class=\"img-responsive wp-image-3371\" srcset=\"https:\/\/www.binder-gmbh.at\/wp-content\/uploads\/2014\/04\/BINDER_Gelaende-1-200x133.jpg 200w, https:\/\/www.binder-gmbh.at\/wp-content\/uploads\/2014\/04\/BINDER_Gelaende-1-400x267.jpg 400w, https:\/\/www.binder-gmbh.at\/wp-content\/uploads\/2014\/04\/BINDER_Gelaende-1.jpg 540w\" sizes=\"(max-width: 820px) 100vw, 540px\" \/><\/a><\/span><\/div><div class=\"fusion-clearfix\"><\/div><\/div><\/div><\/div><\/div><\/p>\n","protected":false},"excerpt":{"rendered":"","protected":false},"author":1,"featured_media":0,"parent":0,"menu_order":0,"comment_status":"closed","ping_status":"closed","template":"100-width.php","meta":{"footnotes":""},"class_list":["post-1790","page","type-page","status-publish","hentry"],"yoast_head":"<!-- This site is optimized with the Yoast SEO plugin v26.9 - https:\/\/yoast.com\/product\/yoast-seo-wordpress\/ -->\n<title>Contact - BINDER Energietechnik GmbH<\/title>\n<meta name=\"description\" content=\"Contact. BINDER Energietechnik GmbH. Mitterdorferstra\u00dfe 5, 8572 B\u00e4rnbach, AUSTRIA. Telefon +43 3142 \/ 22544\" \/>\n<meta name=\"robots\" content=\"index, follow, max-snippet:-1, max-image-preview:large, max-video-preview:-1\" \/>\n<link rel=\"canonical\" href=\"https:\/\/www.binder-gmbh.at\/en\/contact\/\" \/>\n<meta property=\"og:locale\" content=\"en_US\" \/>\n<meta property=\"og:type\" content=\"article\" \/>\n<meta property=\"og:title\" content=\"Contact - BINDER Energietechnik GmbH\" \/>\n<meta property=\"og:description\" content=\"Contact. BINDER Energietechnik GmbH. Mitterdorferstra\u00dfe 5, 8572 B\u00e4rnbach, AUSTRIA. Telefon +43 3142 \/ 22544\" \/>\n<meta property=\"og:url\" content=\"https:\/\/www.binder-gmbh.at\/en\/contact\/\" \/>\n<meta property=\"og:site_name\" content=\"BINDER Energietechnik GmbH\" \/>\n<meta property=\"article:publisher\" content=\"https:\/\/www.facebook.com\/binderenergietechnik\" \/>\n<meta property=\"article:modified_time\" content=\"2018-10-05T09:24:18+00:00\" \/>\n<meta name=\"twitter:label1\" content=\"Est. reading time\" \/>\n\t<meta name=\"twitter:data1\" content=\"3 minutes\" \/>\n<script type=\"application\/ld+json\" class=\"yoast-schema-graph\">{\"@context\":\"https:\/\/schema.org\",\"@graph\":[{\"@type\":\"WebPage\",\"@id\":\"https:\/\/www.binder-gmbh.at\/en\/contact\/\",\"url\":\"https:\/\/www.binder-gmbh.at\/en\/contact\/\",\"name\":\"Contact - BINDER Energietechnik GmbH\",\"isPartOf\":{\"@id\":\"https:\/\/www.binder-gmbh.at\/en\/#website\"},\"datePublished\":\"2014-04-30T07:35:53+00:00\",\"dateModified\":\"2018-10-05T09:24:18+00:00\",\"description\":\"Contact. BINDER Energietechnik GmbH. Mitterdorferstra\u00dfe 5, 8572 B\u00e4rnbach, AUSTRIA. Telefon +43 3142 \/ 22544\",\"breadcrumb\":{\"@id\":\"https:\/\/www.binder-gmbh.at\/en\/contact\/#breadcrumb\"},\"inLanguage\":\"en-US\",\"potentialAction\":[{\"@type\":\"ReadAction\",\"target\":[\"https:\/\/www.binder-gmbh.at\/en\/contact\/\"]}]},{\"@type\":\"BreadcrumbList\",\"@id\":\"https:\/\/www.binder-gmbh.at\/en\/contact\/#breadcrumb\",\"itemListElement\":[{\"@type\":\"ListItem\",\"position\":1,\"name\":\"Home\",\"item\":\"https:\/\/www.binder-gmbh.at\/en\/\"},{\"@type\":\"ListItem\",\"position\":2,\"name\":\"Contact\"}]},{\"@type\":\"WebSite\",\"@id\":\"https:\/\/www.binder-gmbh.at\/en\/#website\",\"url\":\"https:\/\/www.binder-gmbh.at\/en\/\",\"name\":\"BINDER Energietechnik GmbH\",\"description\":\"BINDER Energietechnik GmbH, Industrie Biomassefeuerungsanlagen, Warmwasser, Hei\u00dfwasser, Sattdampf, Luftw\u00e4rmtauscher, Komplettanbieter f\u00fcr erneuerbare Energiel\u00f6sungen\",\"potentialAction\":[{\"@type\":\"SearchAction\",\"target\":{\"@type\":\"EntryPoint\",\"urlTemplate\":\"https:\/\/www.binder-gmbh.at\/en\/?s={search_term_string}\"},\"query-input\":{\"@type\":\"PropertyValueSpecification\",\"valueRequired\":true,\"valueName\":\"search_term_string\"}}],\"inLanguage\":\"en-US\"}]}<\/script>\n<!-- \/ Yoast SEO plugin. -->","yoast_head_json":{"title":"Contact - BINDER Energietechnik GmbH","description":"Contact. BINDER Energietechnik GmbH. Mitterdorferstra\u00dfe 5, 8572 B\u00e4rnbach, AUSTRIA. Telefon +43 3142 \/ 22544","robots":{"index":"index","follow":"follow","max-snippet":"max-snippet:-1","max-image-preview":"max-image-preview:large","max-video-preview":"max-video-preview:-1"},"canonical":"https:\/\/www.binder-gmbh.at\/en\/contact\/","og_locale":"en_US","og_type":"article","og_title":"Contact - BINDER Energietechnik GmbH","og_description":"Contact. BINDER Energietechnik GmbH. Mitterdorferstra\u00dfe 5, 8572 B\u00e4rnbach, AUSTRIA. Telefon +43 3142 \/ 22544","og_url":"https:\/\/www.binder-gmbh.at\/en\/contact\/","og_site_name":"BINDER Energietechnik GmbH","article_publisher":"https:\/\/www.facebook.com\/binderenergietechnik","article_modified_time":"2018-10-05T09:24:18+00:00","twitter_misc":{"Est. reading time":"3 minutes"},"schema":{"@context":"https:\/\/schema.org","@graph":[{"@type":"WebPage","@id":"https:\/\/www.binder-gmbh.at\/en\/contact\/","url":"https:\/\/www.binder-gmbh.at\/en\/contact\/","name":"Contact - BINDER Energietechnik GmbH","isPartOf":{"@id":"https:\/\/www.binder-gmbh.at\/en\/#website"},"datePublished":"2014-04-30T07:35:53+00:00","dateModified":"2018-10-05T09:24:18+00:00","description":"Contact. BINDER Energietechnik GmbH. Mitterdorferstra\u00dfe 5, 8572 B\u00e4rnbach, AUSTRIA. Telefon +43 3142 \/ 22544","breadcrumb":{"@id":"https:\/\/www.binder-gmbh.at\/en\/contact\/#breadcrumb"},"inLanguage":"en-US","potentialAction":[{"@type":"ReadAction","target":["https:\/\/www.binder-gmbh.at\/en\/contact\/"]}]},{"@type":"BreadcrumbList","@id":"https:\/\/www.binder-gmbh.at\/en\/contact\/#breadcrumb","itemListElement":[{"@type":"ListItem","position":1,"name":"Home","item":"https:\/\/www.binder-gmbh.at\/en\/"},{"@type":"ListItem","position":2,"name":"Contact"}]},{"@type":"WebSite","@id":"https:\/\/www.binder-gmbh.at\/en\/#website","url":"https:\/\/www.binder-gmbh.at\/en\/","name":"BINDER Energietechnik GmbH","description":"BINDER Energietechnik GmbH, Industrie Biomassefeuerungsanlagen, Warmwasser, Hei\u00dfwasser, Sattdampf, Luftw\u00e4rmtauscher, Komplettanbieter f\u00fcr erneuerbare Energiel\u00f6sungen","potentialAction":[{"@type":"SearchAction","target":{"@type":"EntryPoint","urlTemplate":"https:\/\/www.binder-gmbh.at\/en\/?s={search_term_string}"},"query-input":{"@type":"PropertyValueSpecification","valueRequired":true,"valueName":"search_term_string"}}],"inLanguage":"en-US"}]}},"_links":{"self":[{"href":"https:\/\/www.binder-gmbh.at\/en\/wp-json\/wp\/v2\/pages\/1790","targetHints":{"allow":["GET"]}}],"collection":[{"href":"https:\/\/www.binder-gmbh.at\/en\/wp-json\/wp\/v2\/pages"}],"about":[{"href":"https:\/\/www.binder-gmbh.at\/en\/wp-json\/wp\/v2\/types\/page"}],"author":[{"embeddable":true,"href":"https:\/\/www.binder-gmbh.at\/en\/wp-json\/wp\/v2\/users\/1"}],"replies":[{"embeddable":true,"href":"https:\/\/www.binder-gmbh.at\/en\/wp-json\/wp\/v2\/comments?post=1790"}],"version-history":[{"count":6,"href":"https:\/\/www.binder-gmbh.at\/en\/wp-json\/wp\/v2\/pages\/1790\/revisions"}],"predecessor-version":[{"id":4200,"href":"https:\/\/www.binder-gmbh.at\/en\/wp-json\/wp\/v2\/pages\/1790\/revisions\/4200"}],"wp:attachment":[{"href":"https:\/\/www.binder-gmbh.at\/en\/wp-json\/wp\/v2\/media?parent=1790"}],"curies":[{"name":"wp","href":"https:\/\/api.w.org\/{rel}","templated":true}]}}