{"id":1784,"date":"2015-04-04T22:30:59","date_gmt":"2015-04-04T21:30:59","guid":{"rendered":"https:\/\/www.binder-gmbh.at\/?page_id=1784"},"modified":"2024-09-12T12:15:31","modified_gmt":"2024-09-12T11:15:31","slug":"products","status":"publish","type":"page","link":"https:\/\/www.binder-gmbh.at\/en\/products\/","title":{"rendered":"Products"},"content":{"rendered":"<div class=\"fusion-fullwidth fullwidth-box fusion-builder-row-1 hundred-percent-fullwidth non-hundred-percent-height-scrolling\" style=\"background-color: #ffffff;background-position: center center;background-repeat: no-repeat;padding-top:0px;padding-right:0px;padding-bottom:0px;padding-left:0px;margin-bottom: 0px;margin-top: 0px;border-width: 0px 0px 0px 0px;border-color:#eae9e9;border-style:solid;\" ><div class=\"fusion-builder-row fusion-row\"><div class=\"fusion-layout-column fusion_builder_column fusion-builder-column-0 fusion_builder_column_1_1 1_1 fusion-one-full fusion-column-first fusion-column-last fusion-column-no-min-height\" style=\"margin-top:0px;margin-bottom:0px;\"><div class=\"fusion-column-wrapper fusion-flex-column-wrapper-legacy\" style=\"background-position:left top;background-repeat:no-repeat;-webkit-background-size:cover;-moz-background-size:cover;-o-background-size:cover;background-size:cover;padding: 0px 0px 0px 0px;\"><style type=\"text\/css\"><\/style><div class=\"fusion-title title fusion-title-1 fusion-sep-none fusion-title-text fusion-title-size-one\" style=\"margin-top:0px;margin-right:0px;margin-bottom:31px;margin-left:0px;\"><h1 class=\"title-heading-left fusion-responsive-typography-calculated\" style=\"margin:0;--fontSize:34;line-height:1.5;\"><p style=\"color: #cc0000;\">Products<\/p><\/h1><\/div><div class=\"fusion-clearfix\"><\/div><\/div><\/div><div class=\"fusion-layout-column fusion_builder_column fusion-builder-column-1 fusion_builder_column_1_3 1_3 fusion-one-third fusion-column-first\" style=\"width:30.6666%; margin-right: 4%;margin-top:0px;margin-bottom:20px;\"><div class=\"fusion-column-wrapper fusion-flex-column-wrapper-legacy\" style=\"background-position:left top;background-repeat:no-repeat;-webkit-background-size:cover;-moz-background-size:cover;-o-background-size:cover;background-size:cover;background-color:#e80f18;padding: 20px 20px 20px 20px;\"><div class=\"fusion-text fusion-text-1\"><p><span style=\"color: #ffffff;\"><strong><span style=\"font-size: 16px;\"> Biomass boilers 4 &#8211; 10.000 kW<\/span><\/strong><\/span><\/p>\n<p style=\"text-align: left;\"><span style=\"color: #ffffff;\">\u2022 Warm water boilers<\/span><br \/>\n<span style=\"color: #ffffff;\"> \u2022 Hot water boilers<\/span><br \/>\n<span style=\"color: #ffffff;\"> \u2022 Steam boilers<\/span><br \/>\n<span style=\"color: #ffffff;\"> \u2022 Boilers for non-standard fuels<\/span><br \/>\n<span style=\"color: #ffffff;\"> \u2022 Hot air (drying) systems<\/span><\/p>\n<\/div><div class=\"fusion-clearfix\"><\/div><\/div><\/div><div class=\"fusion-layout-column fusion_builder_column fusion-builder-column-2 fusion_builder_column_2_3 2_3 fusion-two-third fusion-column-last\" style=\"width:65.3333%;margin-top:0px;margin-bottom:-30px;\"><div class=\"fusion-column-wrapper fusion-flex-column-wrapper-legacy\" style=\"background-position:left top;background-repeat:no-repeat;-webkit-background-size:cover;-moz-background-size:cover;-o-background-size:cover;background-size:cover;padding: 0px 0px 0px 0px;\"><style type=\"text\/css\"><\/style><div class=\"fusion-title title fusion-title-2 fusion-sep-none fusion-title-text fusion-title-size-three\" style=\"margin-top:30px;margin-right:0px;margin-bottom:-10px;margin-left:0px;\"><h3 class=\"title-heading-left fusion-responsive-typography-calculated\" style=\"margin:0;--fontSize:24;line-height:1.67;\"><p style=\"color: #cc0000;\">Individual use for:<\/p><\/h3><\/div><div class=\"fusion-content-boxes content-boxes columns row fusion-columns-3 fusion-columns-total-3 fusion-content-boxes-1 content-boxes-icon-on-top content-left\" data-animationOffset=\"top-into-view\" style=\"margin-top:0px;margin-bottom:60px;\"><style type=\"text\/css\">.fusion-content-boxes-1 .heading .content-box-heading {color:#171717;}\n\t\t\t\t\t.fusion-content-boxes-1 .fusion-content-box-hover .link-area-link-icon-hover .heading .content-box-heading,\n\t\t\t\t\t.fusion-content-boxes-1 .fusion-content-box-hover .link-area-link-icon-hover .heading .heading-link .content-box-heading,\n\t\t\t\t\t.fusion-content-boxes-1 .fusion-content-box-hover .link-area-box-hover .heading .content-box-heading,\n\t\t\t\t\t.fusion-content-boxes-1 .fusion-content-box-hover .link-area-box-hover .heading .heading-link .content-box-heading,\n\t\t\t\t\t.fusion-content-boxes-1 .fusion-content-box-hover .link-area-link-icon-hover.link-area-box .fusion-read-more,\n\t\t\t\t\t.fusion-content-boxes-1 .fusion-content-box-hover .link-area-link-icon-hover.link-area-box .fusion-read-more::after,\n\t\t\t\t\t.fusion-content-boxes-1 .fusion-content-box-hover .link-area-link-icon-hover.link-area-box .fusion-read-more::before,\n\t\t\t\t\t.fusion-content-boxes-1 .fusion-content-box-hover .fusion-read-more:hover:after,\n\t\t\t\t\t.fusion-content-boxes-1 .fusion-content-box-hover .fusion-read-more:hover:before,\n\t\t\t\t\t.fusion-content-boxes-1 .fusion-content-box-hover .fusion-read-more:hover,\n\t\t\t\t\t.fusion-content-boxes-1 .fusion-content-box-hover .link-area-box-hover.link-area-box .fusion-read-more,\n\t\t\t\t\t.fusion-content-boxes-1 .fusion-content-box-hover .link-area-box-hover.link-area-box .fusion-read-more::after,\n\t\t\t\t\t.fusion-content-boxes-1 .fusion-content-box-hover .link-area-box-hover.link-area-box .fusion-read-more::before,\n\t\t\t\t\t.fusion-content-boxes-1 .fusion-content-box-hover .link-area-link-icon-hover .icon .circle-no,\n\t\t\t\t\t.fusion-content-boxes-1 .heading .heading-link:hover .content-box-heading {\n\t\t\t\t\t\tcolor: #171717;\n\t\t\t\t\t}\n\t\t\t\t\t.fusion-content-boxes-1 .fusion-content-box-hover .link-area-box-hover .icon .circle-no {\n\t\t\t\t\t\tcolor: #171717 !important;\n\t\t\t\t\t}.fusion-content-boxes-1 .fusion-content-box-hover .link-area-box.link-area-box-hover .fusion-content-box-button {background: #d60707;color: #ffffff;background-image: -webkit-gradient( linear, left bottom, left top, from( #e80707 ), to( #d60707 ) );background-image: linear-gradient( to top, #e80707, #d60707 )}.fusion-content-boxes-1 .fusion-content-box-hover .link-area-box.link-area-box-hover .fusion-content-box-button .fusion-button-text {color: #ffffff;}\n\t\t\t\t\t.fusion-content-boxes-1 .fusion-content-box-hover .link-area-link-icon-hover .heading .icon > span {\n\t\t\t\t\t\tbackground-color: #171717 !important;\n\t\t\t\t\t}\n\t\t\t\t\t.fusion-content-boxes-1 .fusion-content-box-hover .link-area-box-hover .heading .icon > span {\n\t\t\t\t\t\tborder-color: #171717 !important;\n\t\t\t\t\t}\n\t\t\t\t\t\t.fusion-content-boxes-1 .fusion-content-box-hover .link-area-link-icon-hover.icon-hover-animation-pulsate .fontawesome-icon:after,\n\t\t\t\t\t\t.fusion-content-boxes-1 .fusion-content-box-hover .link-area-box-hover.icon-hover-animation-pulsate .fontawesome-icon:after,\n\t\t\t\t\t\t.fusion-content-boxes-1 .fusion-content-box-hover .link-area-link-icon-hover.icon-wrapper-hover-animation-pulsate .icon span:after,\n\t\t\t\t\t\t.fusion-content-boxes-1 .fusion-content-box-hover .link-area-box-hover.icon-wrapper-hover-animation-pulsate .icon span:after {\n\t\t\t\t\t\t\t-webkit-box-shadow:0 0 0 2px rgba(255,255,255,0.1), 0 0 10px 10px #171717, 0 0 0 10px rgba(255,255,255,0.5);\n\t\t\t\t\t\t\t-moz-box-shadow:0 0 0 2px rgba(255,255,255,0.1), 0 0 10px 10px #171717, 0 0 0 10px rgba(255,255,255,0.5);\n\t\t\t\t\t\t\tbox-shadow: 0 0 0 2px rgba(255,255,255,0.1), 0 0 10px 10px #171717, 0 0 0 10px rgba(255,255,255,0.5);\n\t\t\t\t\t\t}\n\t\t\t\t\t<\/style><div class=\"fusion-column content-box-column content-box-column content-box-column-1 col-lg-4 col-md-4 col-sm-4 fusion-content-box-hover content-box-column-first-in-row\"><div class=\"col content-box-wrapper content-wrapper-background link-area-link-icon icon-hover-animation-pulsate\" style=\"background-color:#f6f3f3;\" data-animationOffset=\"top-into-view\"><div class=\"heading heading-with-icon icon-left\"><div aria-hidden=\"true\" class=\"image\"><img decoding=\"async\" src=\"https:\/\/www.binder-gmbh.at\/wp-content\/uploads\/2016\/12\/Grossgebaeude.png\" width=\"100\" height=\"100\" alt=\"\" \/><\/div><h2 class=\"content-box-heading fusion-responsive-typography-calculated\" style=\"font-size:18px;--fontSize:18;line-height:1.69;\">Large buildings<\/h2><\/div><\/div><\/div><div class=\"fusion-column content-box-column content-box-column content-box-column-2 col-lg-4 col-md-4 col-sm-4 fusion-content-box-hover \"><div class=\"col content-box-wrapper content-wrapper-background link-area-link-icon icon-hover-animation-pulsate\" style=\"background-color:#f6f3f3;\" data-animationOffset=\"top-into-view\"><div class=\"heading heading-with-icon icon-left\"><div aria-hidden=\"true\" class=\"image\"><img decoding=\"async\" src=\"https:\/\/www.binder-gmbh.at\/wp-content\/uploads\/2016\/12\/Nah_und_Fernwaerme.png\" width=\"100\" height=\"100\" alt=\"\" \/><\/div><h2 class=\"content-box-heading fusion-responsive-typography-calculated\" style=\"font-size:18px;--fontSize:18;line-height:1.69;\">Housing estate projects<\/h2><\/div><\/div><\/div><div class=\"fusion-column content-box-column content-box-column content-box-column-3 col-lg-4 col-md-4 col-sm-4 fusion-content-box-hover content-box-column-last content-box-column-last-in-row\"><div class=\"col content-box-wrapper content-wrapper-background link-area-link-icon icon-hover-animation-pulsate\" style=\"background-color:#f6f3f3;\" data-animationOffset=\"top-into-view\"><div class=\"heading heading-with-icon icon-left\"><div aria-hidden=\"true\" class=\"image\"><img decoding=\"async\" src=\"https:\/\/www.binder-gmbh.at\/wp-content\/uploads\/2016\/12\/Industrie_und_Gewerbe.png\" width=\"100\" height=\"100\" alt=\"\" \/><\/div><h2 class=\"content-box-heading fusion-responsive-typography-calculated\" style=\"font-size:18px;--fontSize:18;line-height:1.69;\">Industrial plants<\/h2><\/div><\/div><\/div><style type=\"text\/css\">\n\t\t\t\t\t\t.fusion-content-boxes-1 .fusion-content-box-hover .heading-link:hover .icon i.circle-yes,\n\t\t\t\t\t\t.fusion-content-boxes-1 .fusion-content-box-hover .link-area-box:hover .heading-link .icon i.circle-yes,\n\t\t\t\t\t\t.fusion-content-boxes-1 .fusion-content-box-hover .link-area-link-icon-hover .heading .icon i.circle-yes,\n\t\t\t\t\t\t.fusion-content-boxes-1 .fusion-content-box-hover .link-area-box-hover .heading .icon i.circle-yes {\n\t\t\t\t\t\t\tbackground-color: #171717 !important;\n\t\t\t\t\t\t\tborder-color: #171717 !important;\n\t\t\t\t\t\t}<\/style><div class=\"fusion-clearfix\"><\/div><\/div><div class=\"fusion-clearfix\"><\/div><\/div><\/div><div class=\"fusion-layout-column fusion_builder_column fusion-builder-column-3 fusion_builder_column_1_1 1_1 fusion-one-full fusion-column-first fusion-column-last fusion-column-no-min-height\" style=\"margin-top:0px;margin-bottom:0px;\"><div class=\"fusion-column-wrapper fusion-flex-column-wrapper-legacy\" style=\"background-position:left top;background-repeat:no-repeat;-webkit-background-size:cover;-moz-background-size:cover;-o-background-size:cover;background-size:cover;padding: 0px 0px 0px 0px;\"><div class=\"fusion-text fusion-text-2\"><p>With the most modern biomass boilers up to 10,000 kW, BINDER offers a complete range of modern, cost-efficient and environmentally-friendly combustion systems with the highest level of comfort and reliability. BINDER characterized combustion plants by their reliability and interpretation for base-load operation. The industrial design of the plants and the robust design also allow the use of a wide range of fuel.<\/p>\n<p>BINDER systems are modular and can be customized for your needs. The ability to transport the systems up to 10 MW capacity in standard containers makes the export easy as a pie.<\/p>\n<p>Learn more about our products, click on respective areas in the graphic below.<\/p>\n<p><img decoding=\"async\" class=\"aligncenter size-full wp-image-2336\" src=\"\/wp-content\/uploads\/2015\/04\/gesamt_zus_orig4_en.png\" alt=\"gesamt_zus_orig4\" usemap=\"#binder_minimal\" width=\"800\" height=\"781\" \/><\/p>\n<map id=\"binder_minimal\" name=\"binder_minimal\">\n<area alt=\"boiler\" coords=\"39,38,614,144\" shape=\"rect\" href=\"https:\/\/www.binder-gmbh.at\/en\/boiler\/\" \/>\n<area alt=\"combustions\" coords=\"665,35,772,599\" shape=\"rect\" href=\"https:\/\/www.binder-gmbh.at\/en\/competence-in-technology\/combustion-systems\/\" \/>\n<area alt=\"transport_systems\" coords=\"320,565,652,669\" shape=\"rect\" href=\"https:\/\/www.binder-gmbh.at\/en\/transport_systems\/\" \/>\n<area alt=\"storage_systems\" coords=\"36,225,151,779\" shape=\"rect\" href=\"https:\/\/www.binder-gmbh.at\/en\/competence-in-technology\/extraction_systems\/\" \/> <\/map>\n<\/div><div class=\"fusion-sep-clear\"><\/div><div class=\"fusion-separator fusion-full-width-sep\" style=\"margin-left: auto;margin-right: auto;width:100%;\"><\/div><div class=\"fusion-sep-clear\"><\/div><div class=\"fusion-sep-clear\"><\/div><div class=\"fusion-separator fusion-full-width-sep\" style=\"margin-left: auto;margin-right: auto;width:100%;\"><\/div><div class=\"fusion-sep-clear\"><\/div><div class=\"fusion-clearfix\"><\/div><\/div><\/div><\/div><style type=\"text\/css\">.fusion-fullwidth.fusion-builder-row-1 { overflow:visible; }<\/style><\/div>\n","protected":false},"excerpt":{"rendered":"<p>With the most modern biomass boilers up to 20,000 kW, BINDER offers a complete range of modern, cost-efficient and environmentally-friendly combustion systems with the highest level of comfort and reliability.<\/p>\n","protected":false},"author":1,"featured_media":0,"parent":0,"menu_order":0,"comment_status":"closed","ping_status":"closed","template":"","meta":{"footnotes":""},"class_list":["post-1784","page","type-page","status-publish","hentry"],"yoast_head":"<!-- This site is optimized with the Yoast SEO plugin v26.9 - https:\/\/yoast.com\/product\/yoast-seo-wordpress\/ -->\n<title>Our Products - BINDER Energietechnik GmbH<\/title>\n<meta name=\"description\" content=\"BINDER products are modular and can be adapted to every need. In the graphic below, click the areas for further information.\" \/>\n<meta name=\"robots\" content=\"index, follow, max-snippet:-1, max-image-preview:large, max-video-preview:-1\" \/>\n<link rel=\"canonical\" href=\"https:\/\/www.binder-gmbh.at\/en\/products\/\" \/>\n<meta property=\"og:locale\" content=\"en_US\" \/>\n<meta property=\"og:type\" content=\"article\" \/>\n<meta property=\"og:title\" content=\"Our Products - BINDER Energietechnik GmbH\" \/>\n<meta property=\"og:description\" content=\"BINDER products are modular and can be adapted to every need. In the graphic below, click the areas for further information.\" \/>\n<meta property=\"og:url\" content=\"https:\/\/www.binder-gmbh.at\/en\/products\/\" \/>\n<meta property=\"og:site_name\" content=\"BINDER Energietechnik GmbH\" \/>\n<meta property=\"article:publisher\" content=\"https:\/\/www.facebook.com\/binderenergietechnik\" \/>\n<meta property=\"article:modified_time\" content=\"2024-09-12T11:15:31+00:00\" \/>\n<meta name=\"twitter:label1\" content=\"Est. reading time\" \/>\n\t<meta name=\"twitter:data1\" content=\"3 minutes\" \/>\n<script type=\"application\/ld+json\" class=\"yoast-schema-graph\">{\"@context\":\"https:\/\/schema.org\",\"@graph\":[{\"@type\":\"WebPage\",\"@id\":\"https:\/\/www.binder-gmbh.at\/en\/products\/\",\"url\":\"https:\/\/www.binder-gmbh.at\/en\/products\/\",\"name\":\"Our Products - BINDER Energietechnik GmbH\",\"isPartOf\":{\"@id\":\"https:\/\/www.binder-gmbh.at\/en\/#website\"},\"datePublished\":\"2015-04-04T21:30:59+00:00\",\"dateModified\":\"2024-09-12T11:15:31+00:00\",\"description\":\"BINDER products are modular and can be adapted to every need. In the graphic below, click the areas for further information.\",\"breadcrumb\":{\"@id\":\"https:\/\/www.binder-gmbh.at\/en\/products\/#breadcrumb\"},\"inLanguage\":\"en-US\",\"potentialAction\":[{\"@type\":\"ReadAction\",\"target\":[\"https:\/\/www.binder-gmbh.at\/en\/products\/\"]}]},{\"@type\":\"BreadcrumbList\",\"@id\":\"https:\/\/www.binder-gmbh.at\/en\/products\/#breadcrumb\",\"itemListElement\":[{\"@type\":\"ListItem\",\"position\":1,\"name\":\"Home\",\"item\":\"https:\/\/www.binder-gmbh.at\/en\/\"},{\"@type\":\"ListItem\",\"position\":2,\"name\":\"Products\"}]},{\"@type\":\"WebSite\",\"@id\":\"https:\/\/www.binder-gmbh.at\/en\/#website\",\"url\":\"https:\/\/www.binder-gmbh.at\/en\/\",\"name\":\"BINDER Energietechnik GmbH\",\"description\":\"BINDER Energietechnik GmbH, Industrie Biomassefeuerungsanlagen, Warmwasser, Hei\u00dfwasser, Sattdampf, Luftw\u00e4rmtauscher, Komplettanbieter f\u00fcr erneuerbare Energiel\u00f6sungen\",\"potentialAction\":[{\"@type\":\"SearchAction\",\"target\":{\"@type\":\"EntryPoint\",\"urlTemplate\":\"https:\/\/www.binder-gmbh.at\/en\/?s={search_term_string}\"},\"query-input\":{\"@type\":\"PropertyValueSpecification\",\"valueRequired\":true,\"valueName\":\"search_term_string\"}}],\"inLanguage\":\"en-US\"}]}<\/script>\n<!-- \/ Yoast SEO plugin. -->","yoast_head_json":{"title":"Our Products - BINDER Energietechnik GmbH","description":"BINDER products are modular and can be adapted to every need. In the graphic below, click the areas for further information.","robots":{"index":"index","follow":"follow","max-snippet":"max-snippet:-1","max-image-preview":"max-image-preview:large","max-video-preview":"max-video-preview:-1"},"canonical":"https:\/\/www.binder-gmbh.at\/en\/products\/","og_locale":"en_US","og_type":"article","og_title":"Our Products - BINDER Energietechnik GmbH","og_description":"BINDER products are modular and can be adapted to every need. In the graphic below, click the areas for further information.","og_url":"https:\/\/www.binder-gmbh.at\/en\/products\/","og_site_name":"BINDER Energietechnik GmbH","article_publisher":"https:\/\/www.facebook.com\/binderenergietechnik","article_modified_time":"2024-09-12T11:15:31+00:00","twitter_misc":{"Est. reading time":"3 minutes"},"schema":{"@context":"https:\/\/schema.org","@graph":[{"@type":"WebPage","@id":"https:\/\/www.binder-gmbh.at\/en\/products\/","url":"https:\/\/www.binder-gmbh.at\/en\/products\/","name":"Our Products - BINDER Energietechnik GmbH","isPartOf":{"@id":"https:\/\/www.binder-gmbh.at\/en\/#website"},"datePublished":"2015-04-04T21:30:59+00:00","dateModified":"2024-09-12T11:15:31+00:00","description":"BINDER products are modular and can be adapted to every need. In the graphic below, click the areas for further information.","breadcrumb":{"@id":"https:\/\/www.binder-gmbh.at\/en\/products\/#breadcrumb"},"inLanguage":"en-US","potentialAction":[{"@type":"ReadAction","target":["https:\/\/www.binder-gmbh.at\/en\/products\/"]}]},{"@type":"BreadcrumbList","@id":"https:\/\/www.binder-gmbh.at\/en\/products\/#breadcrumb","itemListElement":[{"@type":"ListItem","position":1,"name":"Home","item":"https:\/\/www.binder-gmbh.at\/en\/"},{"@type":"ListItem","position":2,"name":"Products"}]},{"@type":"WebSite","@id":"https:\/\/www.binder-gmbh.at\/en\/#website","url":"https:\/\/www.binder-gmbh.at\/en\/","name":"BINDER Energietechnik GmbH","description":"BINDER Energietechnik GmbH, Industrie Biomassefeuerungsanlagen, Warmwasser, Hei\u00dfwasser, Sattdampf, Luftw\u00e4rmtauscher, Komplettanbieter f\u00fcr erneuerbare Energiel\u00f6sungen","potentialAction":[{"@type":"SearchAction","target":{"@type":"EntryPoint","urlTemplate":"https:\/\/www.binder-gmbh.at\/en\/?s={search_term_string}"},"query-input":{"@type":"PropertyValueSpecification","valueRequired":true,"valueName":"search_term_string"}}],"inLanguage":"en-US"}]}},"_links":{"self":[{"href":"https:\/\/www.binder-gmbh.at\/en\/wp-json\/wp\/v2\/pages\/1784","targetHints":{"allow":["GET"]}}],"collection":[{"href":"https:\/\/www.binder-gmbh.at\/en\/wp-json\/wp\/v2\/pages"}],"about":[{"href":"https:\/\/www.binder-gmbh.at\/en\/wp-json\/wp\/v2\/types\/page"}],"author":[{"embeddable":true,"href":"https:\/\/www.binder-gmbh.at\/en\/wp-json\/wp\/v2\/users\/1"}],"replies":[{"embeddable":true,"href":"https:\/\/www.binder-gmbh.at\/en\/wp-json\/wp\/v2\/comments?post=1784"}],"version-history":[{"count":2,"href":"https:\/\/www.binder-gmbh.at\/en\/wp-json\/wp\/v2\/pages\/1784\/revisions"}],"predecessor-version":[{"id":5046,"href":"https:\/\/www.binder-gmbh.at\/en\/wp-json\/wp\/v2\/pages\/1784\/revisions\/5046"}],"wp:attachment":[{"href":"https:\/\/www.binder-gmbh.at\/en\/wp-json\/wp\/v2\/media?parent=1784"}],"curies":[{"name":"wp","href":"https:\/\/api.w.org\/{rel}","templated":true}]}}